{"id":1104,"date":"2021-09-15T09:53:39","date_gmt":"2021-09-15T09:53:39","guid":{"rendered":"https:\/\/newskyvn.com\/?post_type=product&#038;p=1104"},"modified":"2021-09-15T09:53:39","modified_gmt":"2021-09-15T09:53:39","slug":"rvs58s-yyykya6zt-01024","status":"publish","type":"product","link":"https:\/\/newskyvn.com\/en\/product\/rvs58s-yyykya6zt-01024\/","title":{"rendered":"RVS58S-YYYKYA6ZT-01024"},"content":{"rendered":"<p>&nbsp;<\/p>\n<p id=\"techdata\"><strong><span style=\"color: #0000ff;\">Datasheet excerpt: Technical data of\u00a0 RVS58S-YYYKYA6ZT-01024<\/span><\/strong><\/p>\n<table class=\"standard enum\">\n<tbody>\n<tr>\n<th colspan=\"3\">General specifications<\/th>\n<\/tr>\n<tr>\n<td colspan=\"2\">Pulse count<\/td>\n<td>1024 and 2048<\/td>\n<\/tr>\n<tr>\n<th colspan=\"3\">Functional safety related parameters<\/th>\n<\/tr>\n<tr>\n<td colspan=\"2\">Safety Integrity Level (SIL)<\/td>\n<td>SIL 3<\/td>\n<\/tr>\n<tr>\n<td colspan=\"2\">Performance level (PL)<\/td>\n<td>PL e<\/td>\n<\/tr>\n<tr>\n<td colspan=\"2\">MTTF<sub>d<\/sub><\/td>\n<td>1000 a<\/td>\n<\/tr>\n<tr>\n<td colspan=\"2\">Mission Time (T<sub>M<\/sub>)<\/td>\n<td>20 a<\/td>\n<\/tr>\n<tr>\n<td colspan=\"2\">PFH<sub>d<\/sub><\/td>\n<td>2.41 E-9 1\/h<\/td>\n<\/tr>\n<tr>\n<td colspan=\"2\">L<sub>10<\/sub><\/td>\n<td>7.5 E+9 at 6000 rpm<\/td>\n<\/tr>\n<tr>\n<td colspan=\"2\">Diagnostic Coverage (DC)<\/td>\n<td>98 %<\/td>\n<\/tr>\n<tr>\n<th colspan=\"3\">Electrical specifications<\/th>\n<\/tr>\n<tr>\n<td colspan=\"2\">Operating voltage<\/td>\n<td>5 V DC \u00b1 5 %<\/td>\n<\/tr>\n<tr>\n<td colspan=\"2\">No-load supply current<\/td>\n<td>max. 70 mA<\/td>\n<\/tr>\n<tr>\n<th colspan=\"3\">Output<\/th>\n<\/tr>\n<tr>\n<td colspan=\"2\">Output type<\/td>\n<td>sine \/ cosine<\/td>\n<\/tr>\n<tr>\n<td colspan=\"2\">Amplitude<\/td>\n<td>1 V<sub>ss<\/sub>\u00a0\u00b1 10 %<\/td>\n<\/tr>\n<tr>\n<td colspan=\"2\">Load current<\/td>\n<td>max. per channel 10 mA , short-circuit protected, reverse polarity protected<\/td>\n<\/tr>\n<tr>\n<td colspan=\"2\">Output frequency<\/td>\n<td>max. 200 kHz (3 dB limit)<\/td>\n<\/tr>\n<tr>\n<th colspan=\"3\">Connection<\/th>\n<\/tr>\n<tr>\n<td colspan=\"2\">Cable<\/td>\n<td>Single stranded wires with crimp contact, 10 x AWG26, 230 mm<\/td>\n<\/tr>\n<tr>\n<th colspan=\"3\">Standard conformity<\/th>\n<\/tr>\n<tr>\n<td colspan=\"2\">Degree of protection<\/td>\n<td>DIN\u00a0EN\u00a060529, IP40<\/td>\n<\/tr>\n<tr>\n<td colspan=\"2\">Climatic testing<\/td>\n<td>DIN\u00a0EN\u00a060068-2-78 , no moisture condensation<\/td>\n<\/tr>\n<tr>\n<td colspan=\"2\">Emitted interference<\/td>\n<td>EN\u00a061000-6-4:2007\/A1:2011<\/td>\n<\/tr>\n<tr>\n<td colspan=\"2\">Noise immunity<\/td>\n<td>DIN\u00a0EN\u00a061000-6-2 , advanced testing level to IEC\u00a061326-3-1<br \/>\nEN 61326-3-1:2008<\/td>\n<\/tr>\n<tr>\n<td colspan=\"2\">Shock resistance<\/td>\n<td>DIN\u00a0EN\u00a060068-2-27, 100\u00a0<i>g<\/i>, 3\u00a0ms<\/td>\n<\/tr>\n<tr>\n<td colspan=\"2\">Vibration resistance<\/td>\n<td>DIN\u00a0EN\u00a060068-2-6, 20\u00a0g, 55\u00a0&#8230;\u00a02000\u00a0Hz<\/td>\n<\/tr>\n<tr>\n<td colspan=\"2\">Functional safety<\/td>\n<td>IEC\u00a061508:2010 (SIL3)<br \/>\nEN 62061:2005\/A2:2015<br \/>\nEN\/ISO 13849-1:2015<br \/>\nIEC\u00a061800-5-2:2016<br \/>\nSuitable up to SIL 3, PL e depending from configuration, see instruction leaflet<\/td>\n<\/tr>\n<tr>\n<th colspan=\"3\">Approvals and certificates<\/th>\n<\/tr>\n<tr>\n<td colspan=\"2\">UL approval<\/td>\n<td>cULus Recognized, General Purpose, Class 2 Power Source<\/td>\n<\/tr>\n<tr>\n<td colspan=\"2\">T\u00dcV approval<\/td>\n<td>Cert. no. Z10 068273 0003<\/td>\n<\/tr>\n<tr>\n<th colspan=\"3\">Ambient conditions<\/th>\n<\/tr>\n<tr>\n<td colspan=\"2\">Operating temperature<\/td>\n<td>-20 &#8230; 115 \u00b0C (-4 &#8230; 239 \u00b0F) , fixed cable<\/td>\n<\/tr>\n<tr>\n<td colspan=\"2\">Storage temperature<\/td>\n<td>-40 &#8230; 100 \u00b0C (-40 &#8230; 212 \u00b0F)<\/td>\n<\/tr>\n<tr>\n<th colspan=\"3\">Mechanical specifications<\/th>\n<\/tr>\n<tr>\n<td colspan=\"2\">Material<\/td>\n<td><\/td>\n<\/tr>\n<tr>\n<td><\/td>\n<td>Housing<\/td>\n<td class=\"subattribute\">aluminum, blank<\/td>\n<\/tr>\n<tr>\n<td><\/td>\n<td>Flange<\/td>\n<td class=\"subattribute\">3.1655 aluminum<\/td>\n<\/tr>\n<tr>\n<td><\/td>\n<td>Shaft<\/td>\n<td class=\"subattribute\">Stainless steel 1.4305 \/ AISI 303<\/td>\n<\/tr>\n<tr>\n<td colspan=\"2\">Mass<\/td>\n<td>approx. 350 g<\/td>\n<\/tr>\n<tr>\n<td colspan=\"2\">Rotational speed<\/td>\n<td>max. 8000 min\u00a0<sup>-1<\/sup><\/td>\n<\/tr>\n<tr>\n<td colspan=\"2\">Moment of inertia<\/td>\n<td>\u2264 25 gcm<sup>2<\/sup><\/td>\n<\/tr>\n<tr>\n<td colspan=\"2\">Starting torque<\/td>\n<td>\u2264 1.5 Ncm<\/td>\n<\/tr>\n<tr>\n<td colspan=\"2\">Shaft load<\/td>\n<td><\/td>\n<\/tr>\n<tr>\n<td><\/td>\n<td>Axial<\/td>\n<td class=\"subattribute\">40 N at max. 6000 rpm<br \/>\n10 N at max. 8000 rpm<\/td>\n<\/tr>\n<tr>\n<td><\/td>\n<td>Radial<\/td>\n<td class=\"subattribute\">at 60 N max. 6000 rpm<br \/>\nat 20 N max. 8000 rpm<\/td>\n<\/tr>\n<\/tbody>\n<\/table>\n<p>&nbsp;<\/p>\n<p><strong><span style=\"color: #0000ff;\">Classifications<\/span><\/strong><\/p>\n<table class=\"standard enum\">\n<tbody>\n<tr>\n<th>System<\/th>\n<th>Classcode<\/th>\n<\/tr>\n<tr>\n<td>ECLASS 11.0<\/td>\n<td>27270501<\/td>\n<\/tr>\n<tr>\n<td>ECLASS 10.0.1<\/td>\n<td>27270501<\/td>\n<\/tr>\n<tr>\n<td>ECLASS 9.0<\/td>\n<td>27270501<\/td>\n<\/tr>\n<tr>\n<td>ECLASS 8.0<\/td>\n<td>27270501<\/td>\n<\/tr>\n<tr>\n<td>ECLASS 5.1<\/td>\n<td>27270501<\/td>\n<\/tr>\n<tr>\n<td>ETIM 8.0<\/td>\n<td>EC001486<\/td>\n<\/tr>\n<tr>\n<td>ETIM 7.0<\/td>\n<td>EC001486<\/td>\n<\/tr>\n<tr>\n<td>ETIM 6.0<\/td>\n<td>EC001486<\/td>\n<\/tr>\n<tr>\n<td>ETIM 5.0<\/td>\n<td>EC001486<\/td>\n<\/tr>\n<tr>\n<td>UNSPSC 12.1<\/td>\n<td>39121527<\/td>\n<\/tr>\n<\/tbody>\n<\/table>\n<p><\/p>","protected":false},"excerpt":{"rendered":"<ul id=\"productfeatures\">\n<li>Safe rotary encoder, thanks to integrated functional safety<\/li>\n<li>Usable up to SIL 3 acc. to IEC 61508<\/li>\n<li>T\u00dcV certified<\/li>\n<li>Suitable as motor feedback system for safe drives in accordance with IEC 61800-5-2<\/li>\n<li>Incremental encoder with sin\/cos interface<\/li>\n<li>1024 or 2048 signal periods<\/li>\n<li>Thermally stabilized with the highest precision for high resolution interpolation<\/li>\n<\/ul>\n","protected":false},"featured_media":1106,"comment_status":"open","ping_status":"closed","template":"","meta":[],"product_cat":[30,53],"product_tag":[],"yoast_head":"<!-- This site is optimized with the Yoast SEO plugin v16.6.1 - https:\/\/yoast.com\/wordpress\/plugins\/seo\/ -->\n<title>RVS58S-YYYKYA6ZT-01024 - NEW SKY CO.,LTD<\/title>\n<meta name=\"robots\" content=\"index, follow, max-snippet:-1, max-image-preview:large, max-video-preview:-1\" \/>\n<link rel=\"canonical\" href=\"https:\/\/newskyvn.com\/product\/rvs58s-yyykya6zt-01024\/\" \/>\n<meta property=\"og:locale\" content=\"en_US\" \/>\n<meta property=\"og:type\" content=\"article\" \/>\n<meta property=\"og:title\" content=\"RVS58S-YYYKYA6ZT-01024 - NEW SKY CO.,LTD\" \/>\n<meta property=\"og:description\" content=\"[:vi]  B\u1ed9 m\u00e3 h\u00f3a v\u00f2ng quay an to\u00e0n, nh\u1edd ch\u1ee9c n\u0103ng an to\u00e0n t\u00edch h\u1ee3p  C\u00f3 th\u1ec3 s\u1eed d\u1ee5ng t\u1ed1i \u0111a 3 acc SIL.\u00a0theo IEC 61508  Ch\u1ee9ng nh\u1eadn T\u00dcV  Th\u00edch h\u1ee3p l\u00e0m h\u1ec7 th\u1ed1ng ph\u1ea3n h\u1ed3i \u0111\u1ed9ng c\u01a1 cho c\u00e1c \u0111\u1ed9ng c\u01a1 an to\u00e0n ph\u00f9 h\u1ee3p v\u1edbi IEC 61800-5-2  B\u1ed9 m\u00e3 h\u00f3a t\u0103ng d\u1ea7n v\u1edbi giao di\u1ec7n sin \/ cos  1024 ho\u1eb7c 2048 chu k\u1ef3 t\u00edn hi\u1ec7u  \u1ed4n \u0111\u1ecbnh nhi\u1ec7t v\u1edbi \u0111\u1ed9 ch\u00ednh x\u00e1c cao nh\u1ea5t cho ph\u00e9p n\u1ed9i suy \u0111\u1ed9 ph\u00e2n gi\u1ea3i cao [:en]  Safe rotary encoder, thanks to integrated functional safety  Usable up to SIL 3 acc. to IEC 61508  T\u00dcV certified  Suitable as motor feedback system for safe drives in accordance with IEC 61800-5-2  Incremental encoder with sin\/cos interface  1024 or 2048 signal periods  Thermally stabilized with the highest precision for high resolution interpolation [:]\" \/>\n<meta property=\"og:url\" content=\"https:\/\/newskyvn.com\/product\/rvs58s-yyykya6zt-01024\/\" \/>\n<meta property=\"og:site_name\" content=\"NEW SKY CO.,LTD\" \/>\n<meta property=\"og:image\" content=\"https:\/\/newskyvn.com\/wp-content\/uploads\/2021\/09\/RVS58S.jpg\" \/>\n\t<meta property=\"og:image:width\" content=\"500\" \/>\n\t<meta property=\"og:image:height\" content=\"500\" \/>\n<meta name=\"twitter:card\" content=\"summary_large_image\" \/>\n<meta name=\"twitter:label1\" content=\"Est. reading time\" \/>\n\t<meta name=\"twitter:data1\" content=\"2 minutes\" \/>\n<script type=\"application\/ld+json\" class=\"yoast-schema-graph\">{\"@context\":\"https:\/\/schema.org\",\"@graph\":[{\"@type\":\"WebSite\",\"@id\":\"https:\/\/newskyvn.com\/#website\",\"url\":\"https:\/\/newskyvn.com\/\",\"name\":\"NEW SKY CO.,LTD\",\"description\":\"C\\u00f4ng Ty TNHH S\\u1ea3n Xu\\u1ea5t Th\\u01b0\\u01a1ng M\\u1ea1i D\\u1ecbch V\\u1ee5 T\\u00e2n Thi\\u00ean\",\"potentialAction\":[{\"@type\":\"SearchAction\",\"target\":{\"@type\":\"EntryPoint\",\"urlTemplate\":\"https:\/\/newskyvn.com\/?s={search_term_string}\"},\"query-input\":\"required name=search_term_string\"}],\"inLanguage\":\"en-US\"},{\"@type\":\"ImageObject\",\"@id\":\"https:\/\/newskyvn.com\/product\/rvs58s-yyykya6zt-01024\/#primaryimage\",\"inLanguage\":\"en-US\",\"url\":\"https:\/\/newskyvn.com\/wp-content\/uploads\/2021\/09\/RVS58S.jpg\",\"contentUrl\":\"https:\/\/newskyvn.com\/wp-content\/uploads\/2021\/09\/RVS58S.jpg\",\"width\":500,\"height\":500},{\"@type\":\"WebPage\",\"@id\":\"https:\/\/newskyvn.com\/product\/rvs58s-yyykya6zt-01024\/#webpage\",\"url\":\"https:\/\/newskyvn.com\/product\/rvs58s-yyykya6zt-01024\/\",\"name\":\"RVS58S-YYYKYA6ZT-01024 - NEW SKY CO.,LTD\",\"isPartOf\":{\"@id\":\"https:\/\/newskyvn.com\/#website\"},\"primaryImageOfPage\":{\"@id\":\"https:\/\/newskyvn.com\/product\/rvs58s-yyykya6zt-01024\/#primaryimage\"},\"datePublished\":\"2021-09-15T09:53:39+00:00\",\"dateModified\":\"2021-09-15T09:53:39+00:00\",\"breadcrumb\":{\"@id\":\"https:\/\/newskyvn.com\/product\/rvs58s-yyykya6zt-01024\/#breadcrumb\"},\"inLanguage\":\"en-US\",\"potentialAction\":[{\"@type\":\"ReadAction\",\"target\":[\"https:\/\/newskyvn.com\/product\/rvs58s-yyykya6zt-01024\/\"]}]},{\"@type\":\"BreadcrumbList\",\"@id\":\"https:\/\/newskyvn.com\/product\/rvs58s-yyykya6zt-01024\/#breadcrumb\",\"itemListElement\":[{\"@type\":\"ListItem\",\"position\":1,\"name\":\"Product\",\"item\":\"https:\/\/newskyvn.com\/en\/san-pham\/\"},{\"@type\":\"ListItem\",\"position\":2,\"name\":\"RVS58S-YYYKYA6ZT-01024\"}]}]}<\/script>\n<!-- \/ Yoast SEO plugin. -->","_links":{"self":[{"href":"https:\/\/newskyvn.com\/en\/wp-json\/wp\/v2\/product\/1104"}],"collection":[{"href":"https:\/\/newskyvn.com\/en\/wp-json\/wp\/v2\/product"}],"about":[{"href":"https:\/\/newskyvn.com\/en\/wp-json\/wp\/v2\/types\/product"}],"replies":[{"embeddable":true,"href":"https:\/\/newskyvn.com\/en\/wp-json\/wp\/v2\/comments?post=1104"}],"wp:featuredmedia":[{"embeddable":true,"href":"https:\/\/newskyvn.com\/en\/wp-json\/wp\/v2\/media\/1106"}],"wp:attachment":[{"href":"https:\/\/newskyvn.com\/en\/wp-json\/wp\/v2\/media?parent=1104"}],"wp:term":[{"taxonomy":"product_cat","embeddable":true,"href":"https:\/\/newskyvn.com\/en\/wp-json\/wp\/v2\/product_cat?post=1104"},{"taxonomy":"product_tag","embeddable":true,"href":"https:\/\/newskyvn.com\/en\/wp-json\/wp\/v2\/product_tag?post=1104"}],"curies":[{"name":"wp","href":"https:\/\/api.w.org\/{rel}","templated":true}]}}