{"id":1101,"date":"2021-09-15T09:48:09","date_gmt":"2021-09-15T09:48:09","guid":{"rendered":"https:\/\/newskyvn.com\/?post_type=product&#038;p=1101"},"modified":"2021-09-15T09:59:56","modified_gmt":"2021-09-15T09:59:56","slug":"mni40n-0t01dy41n-01000","status":"publish","type":"product","link":"https:\/\/newskyvn.com\/en\/product\/mni40n-0t01dy41n-01000\/","title":{"rendered":"MNI40N-0T01DY41N-01000"},"content":{"rendered":"<p>&nbsp;<\/p>\n<p id=\"techdata\"><strong><span style=\"color: #0000ff;\">excerpt: Technical data of\u00a0 MNI40N-0T01DY41N-01000<\/span><\/strong><\/p>\n<table class=\"standard enum\">\n<tbody>\n<tr>\n<th colspan=\"2\">Product Description<\/th>\n<\/tr>\n<tr>\n<td colspan=\"3\">Magnetic, Non Contact<\/td>\n<\/tr>\n<\/tbody>\n<\/table>\n<table class=\"standard enum\">\n<tbody>\n<tr>\n<th colspan=\"3\">General specifications<\/th>\n<\/tr>\n<tr>\n<td colspan=\"2\">Detection type<\/td>\n<td>magnetic sampling<\/td>\n<\/tr>\n<tr>\n<td colspan=\"2\">Pulse count<\/td>\n<td>1000<\/td>\n<\/tr>\n<tr>\n<td colspan=\"2\">UL File Number<\/td>\n<td>E223176 &#8220;For use in NFPA 79 Applications only&#8221; , if UL marking is marked on the product.<\/td>\n<\/tr>\n<tr>\n<th colspan=\"3\">Functional safety related parameters<\/th>\n<\/tr>\n<tr>\n<td colspan=\"2\">MTTF<sub>d<\/sub><\/td>\n<td>942 a<\/td>\n<\/tr>\n<tr>\n<td colspan=\"2\">Mission Time (T<sub>M<\/sub>)<\/td>\n<td>20 a<\/td>\n<\/tr>\n<tr>\n<td colspan=\"2\">Diagnostic Coverage (DC)<\/td>\n<td>0 %<\/td>\n<\/tr>\n<tr>\n<th colspan=\"3\">Indicators\/operating means<\/th>\n<\/tr>\n<tr>\n<td colspan=\"2\">LED red\/green<\/td>\n<td>Operating display \/ Alignment aid<\/td>\n<\/tr>\n<tr>\n<th colspan=\"3\">Electrical specifications<\/th>\n<\/tr>\n<tr>\n<td colspan=\"2\">Operating voltage<\/td>\n<td>10 &#8230; 30 V DC<\/td>\n<\/tr>\n<tr>\n<td colspan=\"2\">No-load supply current<\/td>\n<td>max. 55 mA<\/td>\n<\/tr>\n<tr>\n<th colspan=\"3\">Output<\/th>\n<\/tr>\n<tr>\n<td colspan=\"2\">Output type<\/td>\n<td>push-pull, incremental<\/td>\n<\/tr>\n<tr>\n<td colspan=\"2\">Voltage drop<\/td>\n<td>&lt; 2.5 V<\/td>\n<\/tr>\n<tr>\n<td colspan=\"2\">Load current<\/td>\n<td>max. per channel 30 mA , short-circuit protected<\/td>\n<\/tr>\n<tr>\n<td colspan=\"2\">Output frequency<\/td>\n<td>max. 1 MHz<\/td>\n<\/tr>\n<tr>\n<th colspan=\"3\">Connection<\/th>\n<\/tr>\n<tr>\n<td colspan=\"2\">Connector<\/td>\n<td>L = 0.3 m fixed cable with Deutsch connector DTM04-6P<\/td>\n<\/tr>\n<tr>\n<th colspan=\"3\">Standard conformity<\/th>\n<\/tr>\n<tr>\n<td colspan=\"2\">Degree of protection<\/td>\n<td>DIN\u00a0EN\u00a060529, IP67 , IP68 , IP69K<\/td>\n<\/tr>\n<tr>\n<td colspan=\"2\">Climatic testing<\/td>\n<td>DIN\u00a0EN\u00a060068-2-30<\/td>\n<\/tr>\n<tr>\n<td colspan=\"2\">Emitted interference<\/td>\n<td>EN\u00a061000-6-4:2007\/A1:2011<\/td>\n<\/tr>\n<tr>\n<td colspan=\"2\">Noise immunity<\/td>\n<td>EN\u00a061000-6-2:2005<\/td>\n<\/tr>\n<tr>\n<td colspan=\"2\">Shock resistance<\/td>\n<td>DIN\u00a0EN\u00a060068-2-27, 200\u00a0<i>g<\/i>, 6\u00a0ms<\/td>\n<\/tr>\n<tr>\n<td colspan=\"2\">Vibration resistance<\/td>\n<td>DIN\u00a0EN\u00a060068-2-6, 40\u00a0<i>g<\/i>, 10\u00a0&#8230;\u00a02000\u00a0Hz<\/td>\n<\/tr>\n<tr>\n<th colspan=\"3\">Approvals and certificates<\/th>\n<\/tr>\n<tr>\n<td colspan=\"2\">UL approval<\/td>\n<td>cULus Listed, General Purpose, Class 2 Power Source, Type 1 enclosure , if UL marking is marked on the product.<br \/>\nadapters providing field wiring on request<\/td>\n<\/tr>\n<tr>\n<td><\/td>\n<td>Maximum permissible ambient temperature<\/td>\n<td class=\"subattribute\">max. 80 \u00b0C (max. 176 \u00b0F)<\/td>\n<\/tr>\n<tr>\n<th colspan=\"3\">Ambient conditions<\/th>\n<\/tr>\n<tr>\n<td colspan=\"2\">Operating temperature<\/td>\n<td>-40 &#8230; 100 \u00b0C (-40 &#8230; 212 \u00b0F)<\/td>\n<\/tr>\n<tr>\n<td colspan=\"2\">Storage temperature<\/td>\n<td>-40 &#8230; 100 \u00b0C (-40 &#8230; 212 \u00b0F)<\/td>\n<\/tr>\n<tr>\n<th colspan=\"3\">Mechanical specifications<\/th>\n<\/tr>\n<tr>\n<td colspan=\"2\">Material<\/td>\n<td><\/td>\n<\/tr>\n<tr>\n<td><\/td>\n<td>Housing<\/td>\n<td class=\"subattribute\">PA<\/td>\n<\/tr>\n<tr>\n<td><\/td>\n<td>Cable<\/td>\n<td class=\"subattribute\">PUR<\/td>\n<\/tr>\n<tr>\n<td><\/td>\n<td>Magnetic wheel<\/td>\n<td class=\"subattribute\">steel 1.4021 (AISI 420)<br \/>\nferrite filled cured rubber<\/td>\n<\/tr>\n<tr>\n<td colspan=\"2\">Mass<\/td>\n<td>approx. 190 g<\/td>\n<\/tr>\n<tr>\n<td colspan=\"2\">Rotational speed<\/td>\n<td>max. 30000 min\u00a0<sup>-1<\/sup><\/td>\n<\/tr>\n<\/tbody>\n<\/table>\n<p>&nbsp;<\/p>\n<p><span style=\"color: #0000ff;\"><strong>Classifications<\/strong><\/span><\/p>\n<table class=\"standard enum\">\n<tbody>\n<tr>\n<th>System<\/th>\n<th>Classcode<\/th>\n<\/tr>\n<tr>\n<td>ECLASS 11.0<\/td>\n<td>27270501<\/td>\n<\/tr>\n<tr>\n<td>ECLASS 10.0.1<\/td>\n<td>27270501<\/td>\n<\/tr>\n<tr>\n<td>ECLASS 9.0<\/td>\n<td>27270501<\/td>\n<\/tr>\n<tr>\n<td>ECLASS 8.0<\/td>\n<td>27270501<\/td>\n<\/tr>\n<tr>\n<td>ECLASS 5.1<\/td>\n<td>27270501<\/td>\n<\/tr>\n<tr>\n<td>ETIM 8.0<\/td>\n<td>EC001486<\/td>\n<\/tr>\n<tr>\n<td>ETIM 7.0<\/td>\n<td>EC001486<\/td>\n<\/tr>\n<tr>\n<td>ETIM 6.0<\/td>\n<td>EC001486<\/td>\n<\/tr>\n<tr>\n<td>ETIM 5.0<\/td>\n<td>EC001486<\/td>\n<\/tr>\n<tr>\n<td>UNSPSC 12.1<\/td>\n<td>39121527<\/td>\n<\/tr>\n<\/tbody>\n<\/table>\n<p><\/p>","protected":false},"excerpt":{"rendered":"<ul id=\"productfeatures\">\n<li>Clear function verification via two-color LEDs (red\/green)<\/li>\n<li>Simple installation and adjustment using assistance functions reduce costs<\/li>\n<li>Self-diagnostics including the magnetic wheel provide quality assurance<\/li>\n<li>Internal intelligence provides easy setup and reliable operation<\/li>\n<li>The elastomer coating of the magnetic wheel provides resistance to dirt as well as thermal and mechanical shock<\/li>\n<li>Long service life at high speeds and temperatures<\/li>\n<\/ul>\n","protected":false},"featured_media":1103,"comment_status":"open","ping_status":"closed","template":"","meta":[],"product_cat":[30,53],"product_tag":[],"yoast_head":"<!-- This site is optimized with the Yoast SEO plugin v16.6.1 - https:\/\/yoast.com\/wordpress\/plugins\/seo\/ -->\n<title>MNI40N-0T01DY41N-01000 - NEW SKY CO.,LTD<\/title>\n<meta name=\"robots\" content=\"index, follow, max-snippet:-1, max-image-preview:large, max-video-preview:-1\" \/>\n<link rel=\"canonical\" href=\"https:\/\/newskyvn.com\/product\/mni40n-0t01dy41n-01000\/\" \/>\n<meta property=\"og:locale\" content=\"en_US\" \/>\n<meta property=\"og:type\" content=\"article\" \/>\n<meta property=\"og:title\" content=\"MNI40N-0T01DY41N-01000 - NEW SKY CO.,LTD\" \/>\n<meta property=\"og:description\" content=\"[:vi]  X\u00e1c minh ch\u1ee9c n\u0103ng m\u1ed9t c\u00e1ch r\u00f5 r\u00e0ng th\u00f4ng qua \u0111\u00e8n LED hai m\u00e0u (\u0111\u1ecf \/ xanh l\u00e1 c\u00e2y)  C\u00e0i \u0111\u1eb7t v\u00e0 \u0111i\u1ec1u ch\u1ec9nh \u0111\u01a1n gi\u1ea3n b\u1eb1ng c\u00e1ch s\u1eed d\u1ee5ng c\u00e1c ch\u1ee9c n\u0103ng h\u1ed7 tr\u1ee3 gi\u00fap gi\u1ea3m chi ph\u00ed  T\u1ef1 ch\u1ea9n \u0111o\u00e1n bao g\u1ed3m c\u1ea3 b\u00e1nh xe t\u1eeb t\u00ednh \u0111\u1ea3m b\u1ea3o ch\u1ea5t l\u01b0\u1ee3ng  B\u1ed9 ph\u1eadn th\u00f4ng minh b\u00ean trong s\u1ebd cung c\u1ea5p thi\u1ebft l\u1eadp d\u1ec5 d\u00e0ng v\u00e0 ho\u1ea1t \u0111\u1ed9ng \u0111\u00e1ng tin c\u1eady  L\u1edbp ph\u1ee7 \u0111\u00e0n h\u1ed3i c\u1ee7a b\u00e1nh xe t\u1eeb t\u1ea1o kh\u1ea3 n\u0103ng ch\u1ed1ng b\u1ee5i b\u1ea9n c\u0169ng nh\u01b0 s\u1ed1c nhi\u1ec7t v\u00e0 c\u01a1 h\u1ecdc  Tu\u1ed5i th\u1ecd l\u00e2u d\u00e0i \u1edf t\u1ed1c \u0111\u1ed9 v\u00e0 nhi\u1ec7t \u0111\u1ed9 cao [:en]  Clear function verification via two-color LEDs (red\/green)  Simple installation and adjustment using assistance functions reduce costs  Self-diagnostics including the magnetic wheel provide quality assurance  Internal intelligence provides easy setup and reliable operation  The elastomer coating of the magnetic wheel provides resistance to dirt as well as thermal and mechanical shock  Long service life at high speeds and temperatures [:]\" \/>\n<meta property=\"og:url\" content=\"https:\/\/newskyvn.com\/product\/mni40n-0t01dy41n-01000\/\" \/>\n<meta property=\"og:site_name\" content=\"NEW SKY CO.,LTD\" \/>\n<meta property=\"article:modified_time\" content=\"2021-09-15T09:59:56+00:00\" \/>\n<meta property=\"og:image\" content=\"https:\/\/newskyvn.com\/wp-content\/uploads\/2021\/09\/MNI40N-2.jpg\" \/>\n\t<meta property=\"og:image:width\" content=\"500\" \/>\n\t<meta property=\"og:image:height\" content=\"500\" \/>\n<meta name=\"twitter:card\" content=\"summary_large_image\" \/>\n<meta name=\"twitter:label1\" content=\"Est. reading time\" \/>\n\t<meta name=\"twitter:data1\" content=\"2 minutes\" \/>\n<script type=\"application\/ld+json\" class=\"yoast-schema-graph\">{\"@context\":\"https:\/\/schema.org\",\"@graph\":[{\"@type\":\"WebSite\",\"@id\":\"https:\/\/newskyvn.com\/#website\",\"url\":\"https:\/\/newskyvn.com\/\",\"name\":\"NEW SKY CO.,LTD\",\"description\":\"C\\u00f4ng Ty TNHH S\\u1ea3n Xu\\u1ea5t Th\\u01b0\\u01a1ng M\\u1ea1i D\\u1ecbch V\\u1ee5 T\\u00e2n Thi\\u00ean\",\"potentialAction\":[{\"@type\":\"SearchAction\",\"target\":{\"@type\":\"EntryPoint\",\"urlTemplate\":\"https:\/\/newskyvn.com\/?s={search_term_string}\"},\"query-input\":\"required name=search_term_string\"}],\"inLanguage\":\"en-US\"},{\"@type\":\"ImageObject\",\"@id\":\"https:\/\/newskyvn.com\/product\/mni40n-0t01dy41n-01000\/#primaryimage\",\"inLanguage\":\"en-US\",\"url\":\"https:\/\/newskyvn.com\/wp-content\/uploads\/2021\/09\/MNI40N-2.jpg\",\"contentUrl\":\"https:\/\/newskyvn.com\/wp-content\/uploads\/2021\/09\/MNI40N-2.jpg\",\"width\":500,\"height\":500},{\"@type\":\"WebPage\",\"@id\":\"https:\/\/newskyvn.com\/product\/mni40n-0t01dy41n-01000\/#webpage\",\"url\":\"https:\/\/newskyvn.com\/product\/mni40n-0t01dy41n-01000\/\",\"name\":\"MNI40N-0T01DY41N-01000 - NEW SKY CO.,LTD\",\"isPartOf\":{\"@id\":\"https:\/\/newskyvn.com\/#website\"},\"primaryImageOfPage\":{\"@id\":\"https:\/\/newskyvn.com\/product\/mni40n-0t01dy41n-01000\/#primaryimage\"},\"datePublished\":\"2021-09-15T09:48:09+00:00\",\"dateModified\":\"2021-09-15T09:59:56+00:00\",\"breadcrumb\":{\"@id\":\"https:\/\/newskyvn.com\/product\/mni40n-0t01dy41n-01000\/#breadcrumb\"},\"inLanguage\":\"en-US\",\"potentialAction\":[{\"@type\":\"ReadAction\",\"target\":[\"https:\/\/newskyvn.com\/product\/mni40n-0t01dy41n-01000\/\"]}]},{\"@type\":\"BreadcrumbList\",\"@id\":\"https:\/\/newskyvn.com\/product\/mni40n-0t01dy41n-01000\/#breadcrumb\",\"itemListElement\":[{\"@type\":\"ListItem\",\"position\":1,\"name\":\"Product\",\"item\":\"https:\/\/newskyvn.com\/en\/san-pham\/\"},{\"@type\":\"ListItem\",\"position\":2,\"name\":\"MNI40N-0T01DY41N-01000\"}]}]}<\/script>\n<!-- \/ Yoast SEO plugin. -->","_links":{"self":[{"href":"https:\/\/newskyvn.com\/en\/wp-json\/wp\/v2\/product\/1101"}],"collection":[{"href":"https:\/\/newskyvn.com\/en\/wp-json\/wp\/v2\/product"}],"about":[{"href":"https:\/\/newskyvn.com\/en\/wp-json\/wp\/v2\/types\/product"}],"replies":[{"embeddable":true,"href":"https:\/\/newskyvn.com\/en\/wp-json\/wp\/v2\/comments?post=1101"}],"wp:featuredmedia":[{"embeddable":true,"href":"https:\/\/newskyvn.com\/en\/wp-json\/wp\/v2\/media\/1103"}],"wp:attachment":[{"href":"https:\/\/newskyvn.com\/en\/wp-json\/wp\/v2\/media?parent=1101"}],"wp:term":[{"taxonomy":"product_cat","embeddable":true,"href":"https:\/\/newskyvn.com\/en\/wp-json\/wp\/v2\/product_cat?post=1101"},{"taxonomy":"product_tag","embeddable":true,"href":"https:\/\/newskyvn.com\/en\/wp-json\/wp\/v2\/product_tag?post=1101"}],"curies":[{"name":"wp","href":"https:\/\/api.w.org\/{rel}","templated":true}]}}