{"id":1076,"date":"2021-09-12T13:40:22","date_gmt":"2021-09-12T13:40:22","guid":{"rendered":"https:\/\/newskyvn.com\/?post_type=product&#038;p=1076"},"modified":"2021-09-12T13:40:22","modified_gmt":"2021-09-12T13:40:22","slug":"ena36tl-r-io-link","status":"publish","type":"product","link":"https:\/\/newskyvn.com\/en\/product\/ena36tl-r-io-link\/","title":{"rendered":"ENA36TL-R***-IO-Link"},"content":{"rendered":"<p>&nbsp;<\/p>\n<p id=\"techdata\"><strong><span style=\"color: #0000ff;\">Datasheet excerpt: Technical data of\u00a0 ENA36TL-R***-IO-Link<\/span><\/strong><\/p>\n<table class=\"standard enum\">\n<tbody>\n<tr>\n<th colspan=\"3\">General specifications<\/th>\n<\/tr>\n<tr>\n<td colspan=\"2\">Detection type<\/td>\n<td>magnetic sampling<\/td>\n<\/tr>\n<tr>\n<td colspan=\"2\">Device type<\/td>\n<td>Absolut rotary encoder as Pure Line<\/td>\n<\/tr>\n<tr>\n<td colspan=\"2\">Linearity error<\/td>\n<td>\u2264 \u00b1 0.1 \u00b0<\/td>\n<\/tr>\n<tr>\n<td colspan=\"2\">UL File Number<\/td>\n<td>E223176 &#8220;For use in NFPA 79 Applications only&#8221; , if UL marking is marked on the product.<\/td>\n<\/tr>\n<tr>\n<th colspan=\"3\">Functional safety related parameters<\/th>\n<\/tr>\n<tr>\n<td colspan=\"2\">MTTF<sub>d<\/sub><\/td>\n<td>566 a at 40 \u00b0C<\/td>\n<\/tr>\n<tr>\n<td colspan=\"2\">Mission Time (T<sub>M<\/sub>)<\/td>\n<td>20 a<\/td>\n<\/tr>\n<tr>\n<td colspan=\"2\">L<sub>10<\/sub><\/td>\n<td>1035 E+8 revolutions at 19\/44\u00a0N axial\/radial shaft load<\/td>\n<\/tr>\n<tr>\n<td colspan=\"2\">Diagnostic Coverage (DC)<\/td>\n<td>0 %<\/td>\n<\/tr>\n<tr>\n<th colspan=\"3\">Indicators\/operating means<\/th>\n<\/tr>\n<tr>\n<td colspan=\"2\">LED STATUS<\/td>\n<td>LED green<br \/>\nflashing with short break (1 Hz) &#8211; IO-Link mode<\/td>\n<\/tr>\n<tr>\n<th colspan=\"3\">Electrical specifications<\/th>\n<\/tr>\n<tr>\n<td colspan=\"2\">Operating voltage<\/td>\n<td>18 &#8230; 30 V DC<\/td>\n<\/tr>\n<tr>\n<td colspan=\"2\">No-load supply current<\/td>\n<td>max. 50 mA<\/td>\n<\/tr>\n<tr>\n<td colspan=\"2\">Power consumption<\/td>\n<td>approx. 1.5 W<\/td>\n<\/tr>\n<tr>\n<td colspan=\"2\">Time delay before availability<\/td>\n<td>&lt; 1 s<\/td>\n<\/tr>\n<tr>\n<th colspan=\"3\">Interface<\/th>\n<\/tr>\n<tr>\n<td colspan=\"2\">Interface type<\/td>\n<td>IO-Link<\/td>\n<\/tr>\n<tr>\n<td colspan=\"2\">IO-Link Revision<\/td>\n<td>1.1<\/td>\n<\/tr>\n<tr>\n<td colspan=\"2\">Device profile<\/td>\n<td>Identification &amp; Diagnosis &#8211; I&amp;D<\/td>\n<\/tr>\n<tr>\n<td colspan=\"2\">Resolution<\/td>\n<td><\/td>\n<\/tr>\n<tr>\n<td><\/td>\n<td>Single turn<\/td>\n<td class=\"subattribute\">up to 16 Bit programmable<\/td>\n<\/tr>\n<tr>\n<td><\/td>\n<td>Multiturn<\/td>\n<td class=\"subattribute\">up to 15 Bit programmable<\/td>\n<\/tr>\n<tr>\n<td><\/td>\n<td>Overall resolution<\/td>\n<td class=\"subattribute\">up to 31 Bit programmable<\/td>\n<\/tr>\n<tr>\n<td colspan=\"2\">Process data<\/td>\n<td>Input 12 Byte<br \/>\n&#8211; measurement value 4 Byte<br \/>\n&#8211; resolution 16 Bit<br \/>\n&#8211; auxiliary mesurement value 4 Byte<br \/>\n&#8211; switching signals 2 Bit<br \/>\n&#8211; diagnosis signals 2 Bit<br \/>\n&#8211; status data<\/td>\n<\/tr>\n<tr>\n<td colspan=\"2\">Vendor ID<\/td>\n<td>1 (0x0001)<\/td>\n<\/tr>\n<tr>\n<td colspan=\"2\">Device ID<\/td>\n<td>5243649 (0x500301), 5243650 (0x500302)<\/td>\n<\/tr>\n<tr>\n<td colspan=\"2\">Transfer rate<\/td>\n<td>COM\u00a03 (230.4 kBaud)<\/td>\n<\/tr>\n<tr>\n<td colspan=\"2\">Min. cycle time<\/td>\n<td>1.5 ms<\/td>\n<\/tr>\n<tr>\n<td colspan=\"2\">SIO mode support<\/td>\n<td>no<\/td>\n<\/tr>\n<tr>\n<td colspan=\"2\">Compatible master port type<\/td>\n<td>Class A<br \/>\nClass B (use 3-pole adapter or 3-wire cable)<\/td>\n<\/tr>\n<tr>\n<th colspan=\"3\">Connection<\/th>\n<\/tr>\n<tr>\n<td colspan=\"2\">Connector<\/td>\n<td>M12 connector, 5 pin , A-coded<\/td>\n<\/tr>\n<tr>\n<th colspan=\"3\">Standard conformity<\/th>\n<\/tr>\n<tr>\n<td colspan=\"2\">Degree of protection<\/td>\n<td>DIN\u00a0EN\u00a060529, IP65, IP67<\/td>\n<\/tr>\n<tr>\n<td colspan=\"2\">Communication interface<\/td>\n<td>IEC 61131-9 \/ IO-Link V1.1.2<\/td>\n<\/tr>\n<tr>\n<td colspan=\"2\">Climatic testing<\/td>\n<td>DIN\u00a0EN\u00a060068-2-78, no moisture condensation<\/td>\n<\/tr>\n<tr>\n<td colspan=\"2\">Emitted interference<\/td>\n<td>EN\u00a061000-6-4:2007<\/td>\n<\/tr>\n<tr>\n<td colspan=\"2\">Noise immunity<\/td>\n<td>EN\u00a061000-6-2:2005<\/td>\n<\/tr>\n<tr>\n<td colspan=\"2\">Shock resistance<\/td>\n<td>DIN\u00a0EN\u00a060068-2-27, 100\u00a0<i>g<\/i>, 6\u00a0ms<\/td>\n<\/tr>\n<tr>\n<td colspan=\"2\">Vibration resistance<\/td>\n<td>DIN\u00a0EN\u00a060068-2-6, 10\u00a0<i>g<\/i>, 10\u00a0&#8230;\u00a01000\u00a0Hz<\/td>\n<\/tr>\n<tr>\n<th colspan=\"3\">Approvals and certificates<\/th>\n<\/tr>\n<tr>\n<td colspan=\"2\">UL approval<\/td>\n<td>cULus Listed, General Purpose, Class 2 Power Source , if UL marking is marked on the product.<\/td>\n<\/tr>\n<tr>\n<th colspan=\"3\">Ambient conditions<\/th>\n<\/tr>\n<tr>\n<td colspan=\"2\">Operating temperature<\/td>\n<td>-40 &#8230; 85 \u00b0C (-40 &#8230; 185 \u00b0F)<\/td>\n<\/tr>\n<tr>\n<td colspan=\"2\">Storage temperature<\/td>\n<td>-40 &#8230; 85 \u00b0C (-40 &#8230; 185 \u00b0F)<\/td>\n<\/tr>\n<tr>\n<td colspan=\"2\">Relative humidity<\/td>\n<td>98 % , no moisture condensation<\/td>\n<\/tr>\n<tr>\n<th colspan=\"3\">Mechanical specifications<\/th>\n<\/tr>\n<tr>\n<td colspan=\"2\">Material<\/td>\n<td><\/td>\n<\/tr>\n<tr>\n<td><\/td>\n<td>Housing<\/td>\n<td class=\"subattribute\">Zinc plated steel, painted<\/td>\n<\/tr>\n<tr>\n<td><\/td>\n<td>Flange<\/td>\n<td class=\"subattribute\">Aluminum<\/td>\n<\/tr>\n<tr>\n<td><\/td>\n<td>Shaft<\/td>\n<td class=\"subattribute\">Stainless steel<\/td>\n<\/tr>\n<tr>\n<td colspan=\"2\">Mass<\/td>\n<td>approx. 190 g<\/td>\n<\/tr>\n<tr>\n<td colspan=\"2\">Rotational speed<\/td>\n<td>max. 12000 min\u00a0<sup>-1<\/sup><\/td>\n<\/tr>\n<tr>\n<td colspan=\"2\">Moment of inertia<\/td>\n<td>&lt; 18 gcm<sup>2<\/sup><\/td>\n<\/tr>\n<tr>\n<td colspan=\"2\">Starting torque<\/td>\n<td>&lt; 3 Ncm<\/td>\n<\/tr>\n<tr>\n<td colspan=\"2\">Shaft load<\/td>\n<td><\/td>\n<\/tr>\n<tr>\n<td><\/td>\n<td>Axial<\/td>\n<td class=\"subattribute\">19 N<\/td>\n<\/tr>\n<tr>\n<td><\/td>\n<td>Radial<\/td>\n<td class=\"subattribute\">44 N<\/td>\n<\/tr>\n<tr>\n<td><\/td>\n<td>Axial offset<\/td>\n<td class=\"subattribute\">\u00b1 0.3 mm static; \u00b1 0,1 mm dynamic<\/td>\n<\/tr>\n<tr>\n<td><\/td>\n<td>Radial offset<\/td>\n<td class=\"subattribute\">\u00b1 0.5 mm static; \u00b1 0,2 mm dynamic<\/td>\n<\/tr>\n<\/tbody>\n<\/table>\n<p>&nbsp;<\/p>\n<p><strong><span style=\"color: #0000ff;\">Classifications<\/span><\/strong><\/p>\n<table class=\"standard enum\">\n<tbody>\n<tr>\n<th>System<\/th>\n<th>Classcode<\/th>\n<\/tr>\n<tr>\n<td>ECLASS 11.0<\/td>\n<td>27270502<\/td>\n<\/tr>\n<tr>\n<td>ECLASS 10.0.1<\/td>\n<td>27270502<\/td>\n<\/tr>\n<tr>\n<td>ECLASS 9.0<\/td>\n<td>27270502<\/td>\n<\/tr>\n<tr>\n<td>ECLASS 8.0<\/td>\n<td>27270502<\/td>\n<\/tr>\n<tr>\n<td>ECLASS 5.1<\/td>\n<td>27270502<\/td>\n<\/tr>\n<tr>\n<td>ETIM 8.0<\/td>\n<td>EC001486<\/td>\n<\/tr>\n<tr>\n<td>ETIM 7.0<\/td>\n<td>EC001486<\/td>\n<\/tr>\n<tr>\n<td>ETIM 6.0<\/td>\n<td>EC001486<\/td>\n<\/tr>\n<tr>\n<td>ETIM 5.0<\/td>\n<td>EC001486<\/td>\n<\/tr>\n<tr>\n<td>UNSPSC 12.1<\/td>\n<td>39121527<\/td>\n<\/tr>\n<\/tbody>\n<\/table>\n<p><\/p>","protected":false},"excerpt":{"rendered":"<ul id=\"productfeatures\">\n<li>Absolut rotary encoder of the innovative Pure Line<\/li>\n<li>Recessed hollow shaft<\/li>\n<li>IO-Link Interface for process data, parameterization and diagnosis<\/li>\n<li>Suitable for condition monitoring<\/li>\n<li>Measuring range, direction of rotation and switching signals programmable<\/li>\n<li>Free of wear magnetic sampling<\/li>\n<li>High resolution and accuracy<\/li>\n<li>Status LEDs<\/li>\n<\/ul>\n","protected":false},"featured_media":1079,"comment_status":"open","ping_status":"closed","template":"","meta":[],"product_cat":[30,52],"product_tag":[],"yoast_head":"<!-- This site is optimized with the Yoast SEO plugin v16.6.1 - https:\/\/yoast.com\/wordpress\/plugins\/seo\/ -->\n<title>ENA36TL-R***-IO-Link - NEW SKY CO.,LTD<\/title>\n<meta name=\"robots\" content=\"index, follow, max-snippet:-1, max-image-preview:large, max-video-preview:-1\" \/>\n<link rel=\"canonical\" href=\"https:\/\/newskyvn.com\/product\/ena36tl-r-io-link\/\" \/>\n<meta property=\"og:locale\" content=\"en_US\" \/>\n<meta property=\"og:type\" content=\"article\" \/>\n<meta property=\"og:title\" content=\"ENA36TL-R***-IO-Link - NEW SKY CO.,LTD\" \/>\n<meta property=\"og:description\" content=\"[:vi]  B\u1ed9 m\u00e3 h\u00f3a v\u00f2ng quay tuy\u1ec7t \u0111\u1ed1i c\u1ee7a D\u00f2ng tinh khi\u1ebft s\u00e1ng t\u1ea1o  Tr\u1ee5c r\u1ed7ng l\u00f5m  Giao di\u1ec7n IO-Link cho d\u1eef li\u1ec7u quy tr\u00ecnh, tham s\u1ed1 h\u00f3a v\u00e0 ch\u1ea9n \u0111o\u00e1n  Th\u00edch h\u1ee3p \u0111\u1ec3 theo d\u00f5i t\u00ecnh tr\u1ea1ng  Ph\u1ea1m vi \u0111o, h\u01b0\u1edbng quay v\u00e0 t\u00edn hi\u1ec7u chuy\u1ec3n m\u1ea1ch c\u00f3 th\u1ec3 l\u1eadp tr\u00ecnh  L\u1ea5y m\u1eabu t\u1eeb t\u00ednh kh\u00f4ng b\u1ecb m\u00e0i m\u00f2n  \u0110\u1ed9 ph\u00e2n gi\u1ea3i v\u00e0 \u0111\u1ed9 ch\u00ednh x\u00e1c cao  \u0110\u00e8n LED tr\u1ea1ng th\u00e1i [:en]  Absolut rotary encoder of the innovative Pure Line  Recessed hollow shaft  IO-Link Interface for process data, parameterization and diagnosis  Suitable for condition monitoring  Measuring range, direction of rotation and switching signals programmable  Free of wear magnetic sampling  High resolution and accuracy  Status LEDs [:]\" \/>\n<meta property=\"og:url\" content=\"https:\/\/newskyvn.com\/product\/ena36tl-r-io-link\/\" \/>\n<meta property=\"og:site_name\" content=\"NEW SKY CO.,LTD\" \/>\n<meta property=\"og:image\" content=\"https:\/\/newskyvn.com\/wp-content\/uploads\/2021\/09\/ENA36TL.jpg\" \/>\n\t<meta property=\"og:image:width\" content=\"500\" \/>\n\t<meta property=\"og:image:height\" content=\"500\" \/>\n<meta name=\"twitter:card\" content=\"summary_large_image\" \/>\n<meta name=\"twitter:label1\" content=\"Est. reading time\" \/>\n\t<meta name=\"twitter:data1\" content=\"2 minutes\" \/>\n<script type=\"application\/ld+json\" class=\"yoast-schema-graph\">{\"@context\":\"https:\/\/schema.org\",\"@graph\":[{\"@type\":\"WebSite\",\"@id\":\"https:\/\/newskyvn.com\/#website\",\"url\":\"https:\/\/newskyvn.com\/\",\"name\":\"NEW SKY CO.,LTD\",\"description\":\"C\\u00f4ng Ty TNHH S\\u1ea3n Xu\\u1ea5t Th\\u01b0\\u01a1ng M\\u1ea1i D\\u1ecbch V\\u1ee5 T\\u00e2n Thi\\u00ean\",\"potentialAction\":[{\"@type\":\"SearchAction\",\"target\":{\"@type\":\"EntryPoint\",\"urlTemplate\":\"https:\/\/newskyvn.com\/?s={search_term_string}\"},\"query-input\":\"required name=search_term_string\"}],\"inLanguage\":\"en-US\"},{\"@type\":\"ImageObject\",\"@id\":\"https:\/\/newskyvn.com\/product\/ena36tl-r-io-link\/#primaryimage\",\"inLanguage\":\"en-US\",\"url\":\"https:\/\/newskyvn.com\/wp-content\/uploads\/2021\/09\/ENA36TL.jpg\",\"contentUrl\":\"https:\/\/newskyvn.com\/wp-content\/uploads\/2021\/09\/ENA36TL.jpg\",\"width\":500,\"height\":500},{\"@type\":\"WebPage\",\"@id\":\"https:\/\/newskyvn.com\/product\/ena36tl-r-io-link\/#webpage\",\"url\":\"https:\/\/newskyvn.com\/product\/ena36tl-r-io-link\/\",\"name\":\"ENA36TL-R***-IO-Link - NEW SKY CO.,LTD\",\"isPartOf\":{\"@id\":\"https:\/\/newskyvn.com\/#website\"},\"primaryImageOfPage\":{\"@id\":\"https:\/\/newskyvn.com\/product\/ena36tl-r-io-link\/#primaryimage\"},\"datePublished\":\"2021-09-12T13:40:22+00:00\",\"dateModified\":\"2021-09-12T13:40:22+00:00\",\"breadcrumb\":{\"@id\":\"https:\/\/newskyvn.com\/product\/ena36tl-r-io-link\/#breadcrumb\"},\"inLanguage\":\"en-US\",\"potentialAction\":[{\"@type\":\"ReadAction\",\"target\":[\"https:\/\/newskyvn.com\/product\/ena36tl-r-io-link\/\"]}]},{\"@type\":\"BreadcrumbList\",\"@id\":\"https:\/\/newskyvn.com\/product\/ena36tl-r-io-link\/#breadcrumb\",\"itemListElement\":[{\"@type\":\"ListItem\",\"position\":1,\"name\":\"Product\",\"item\":\"https:\/\/newskyvn.com\/en\/san-pham\/\"},{\"@type\":\"ListItem\",\"position\":2,\"name\":\"ENA36TL-R***-IO-Link\"}]}]}<\/script>\n<!-- \/ Yoast SEO plugin. -->","_links":{"self":[{"href":"https:\/\/newskyvn.com\/en\/wp-json\/wp\/v2\/product\/1076"}],"collection":[{"href":"https:\/\/newskyvn.com\/en\/wp-json\/wp\/v2\/product"}],"about":[{"href":"https:\/\/newskyvn.com\/en\/wp-json\/wp\/v2\/types\/product"}],"replies":[{"embeddable":true,"href":"https:\/\/newskyvn.com\/en\/wp-json\/wp\/v2\/comments?post=1076"}],"wp:featuredmedia":[{"embeddable":true,"href":"https:\/\/newskyvn.com\/en\/wp-json\/wp\/v2\/media\/1079"}],"wp:attachment":[{"href":"https:\/\/newskyvn.com\/en\/wp-json\/wp\/v2\/media?parent=1076"}],"wp:term":[{"taxonomy":"product_cat","embeddable":true,"href":"https:\/\/newskyvn.com\/en\/wp-json\/wp\/v2\/product_cat?post=1076"},{"taxonomy":"product_tag","embeddable":true,"href":"https:\/\/newskyvn.com\/en\/wp-json\/wp\/v2\/product_tag?post=1076"}],"curies":[{"name":"wp","href":"https:\/\/api.w.org\/{rel}","templated":true}]}}