{"id":1073,"date":"2021-09-12T13:34:05","date_gmt":"2021-09-12T13:34:05","guid":{"rendered":"https:\/\/newskyvn.com\/?post_type=product&#038;p=1073"},"modified":"2021-09-12T13:34:05","modified_gmt":"2021-09-12T13:34:05","slug":"ena36il-s-j1939","status":"publish","type":"product","link":"https:\/\/newskyvn.com\/en\/product\/ena36il-s-j1939\/","title":{"rendered":"ENA36IL-S***-J1939"},"content":{"rendered":"<p>&nbsp;<\/p>\n<p id=\"techdata\"><strong><span style=\"color: #0000ff;\">Datasheet excerpt: Technical data of\u00a0 ENA36IL-S***-J1939<\/span><\/strong><\/p>\n<table class=\"standard enum\">\n<tbody>\n<tr>\n<th colspan=\"3\">General specifications<\/th>\n<\/tr>\n<tr>\n<td colspan=\"2\">Detection type<\/td>\n<td>magnetic sampling<\/td>\n<\/tr>\n<tr>\n<td colspan=\"2\">Device type<\/td>\n<td>Absolute encoders<\/td>\n<\/tr>\n<tr>\n<td colspan=\"2\">Linearity error<\/td>\n<td>\u2264 \u00b1 0.1 \u00b0<\/td>\n<\/tr>\n<tr>\n<td colspan=\"2\">UL File Number<\/td>\n<td>E223176 &#8220;For use in NFPA 79 Applications only&#8221; , if UL marking is marked on the product.<\/td>\n<\/tr>\n<tr>\n<th colspan=\"3\">Functional safety related parameters<\/th>\n<\/tr>\n<tr>\n<td colspan=\"2\">MTTF<sub>d<\/sub><\/td>\n<td>480 a at 40 \u00b0C<\/td>\n<\/tr>\n<tr>\n<td colspan=\"2\">Mission Time (T<sub>M<\/sub>)<\/td>\n<td>20 a<\/td>\n<\/tr>\n<tr>\n<td colspan=\"2\">L<sub>10<\/sub><\/td>\n<td>40 E-8 revolutions at 20\/40\u00a0N axial\/radial shaft load<\/td>\n<\/tr>\n<tr>\n<td colspan=\"2\">Diagnostic Coverage (DC)<\/td>\n<td>0 %<\/td>\n<\/tr>\n<tr>\n<th colspan=\"3\">Indicators\/operating means<\/th>\n<\/tr>\n<tr>\n<td colspan=\"2\">LED green<\/td>\n<td>Operating mode<\/td>\n<\/tr>\n<tr>\n<td colspan=\"2\">LED red<\/td>\n<td>wrong baud rate<\/td>\n<\/tr>\n<tr>\n<th colspan=\"3\">Electrical specifications<\/th>\n<\/tr>\n<tr>\n<td colspan=\"2\">Operating voltage<\/td>\n<td>9 &#8230; 30 V DC (with galvanic isolation)<\/td>\n<\/tr>\n<tr>\n<td colspan=\"2\">Power consumption<\/td>\n<td>\u2264 1.2 W<\/td>\n<\/tr>\n<tr>\n<td colspan=\"2\">Time delay before availability<\/td>\n<td>&lt; 250 ms<\/td>\n<\/tr>\n<tr>\n<td colspan=\"2\">Output code<\/td>\n<td>binary code<\/td>\n<\/tr>\n<tr>\n<td colspan=\"2\">Code course (counting direction)<\/td>\n<td>adjustable<\/td>\n<\/tr>\n<tr>\n<th colspan=\"3\">Interface<\/th>\n<\/tr>\n<tr>\n<td colspan=\"2\">Interface type<\/td>\n<td>J1939<\/td>\n<\/tr>\n<tr>\n<td colspan=\"2\">Resolution<\/td>\n<td><\/td>\n<\/tr>\n<tr>\n<td><\/td>\n<td>Single turn<\/td>\n<td class=\"subattribute\">up to 16 Bit<\/td>\n<\/tr>\n<tr>\n<td><\/td>\n<td>Multiturn<\/td>\n<td class=\"subattribute\">up to 15 Bit<\/td>\n<\/tr>\n<tr>\n<td><\/td>\n<td>Overall resolution<\/td>\n<td class=\"subattribute\">up to 31 Bit<\/td>\n<\/tr>\n<tr>\n<td colspan=\"2\">Transfer rate<\/td>\n<td>min. 20 kBit\/s , max. 1 MBit\/s<\/td>\n<\/tr>\n<tr>\n<td colspan=\"2\">Cycle time<\/td>\n<td>\u2265 1 ms<\/td>\n<\/tr>\n<tr>\n<td colspan=\"2\">Standard conformity<\/td>\n<td>ISO 11898<\/td>\n<\/tr>\n<tr>\n<th colspan=\"3\">Connection<\/th>\n<\/tr>\n<tr>\n<td colspan=\"2\">Connector<\/td>\n<td>M12 connector, 5 pin<\/td>\n<\/tr>\n<tr>\n<td colspan=\"2\">Cable<\/td>\n<td>\u22056 mm, 4 x 2 x 0.14 mm<sup>2<\/sup><\/td>\n<\/tr>\n<tr>\n<th colspan=\"3\">Standard conformity<\/th>\n<\/tr>\n<tr>\n<td colspan=\"2\">Degree of protection<\/td>\n<td>DIN\u00a0EN\u00a060529, IP65 or IP54<\/td>\n<\/tr>\n<tr>\n<td colspan=\"2\">Climatic testing<\/td>\n<td>DIN\u00a0EN\u00a060068-2-3, no moisture condensation<\/td>\n<\/tr>\n<tr>\n<td colspan=\"2\">Emitted interference<\/td>\n<td>EN\u00a061000-6-4:2007<\/td>\n<\/tr>\n<tr>\n<td colspan=\"2\">Noise immunity<\/td>\n<td>EN\u00a061000-6-2:2005<\/td>\n<\/tr>\n<tr>\n<td colspan=\"2\">Shock resistance<\/td>\n<td>DIN\u00a0EN\u00a060068-2-27, 200\u00a0<i>g<\/i>, 6\u00a0ms<\/td>\n<\/tr>\n<tr>\n<td colspan=\"2\">Vibration resistance<\/td>\n<td>DIN\u00a0EN\u00a060068-2-6, 20\u00a0<i>g<\/i>, 10\u00a0&#8230;\u00a01000\u00a0Hz<\/td>\n<\/tr>\n<tr>\n<th colspan=\"3\">Approvals and certificates<\/th>\n<\/tr>\n<tr>\n<td colspan=\"2\">UL approval<\/td>\n<td>cULus Listed, General Purpose, Class 2 Power Source , if UL marking is marked on the product.<\/td>\n<\/tr>\n<tr>\n<th colspan=\"3\">Ambient conditions<\/th>\n<\/tr>\n<tr>\n<td colspan=\"2\">Operating temperature<\/td>\n<td>cable, flexing: -5 &#8230; 70 \u00b0C (23 &#8230; 158 \u00b0F),<br \/>\ncable, fixed: -30 &#8230; 70 \u00b0C (-22 &#8230; 158 \u00b0F)<br \/>\nconnector models: -40 &#8230; 85 \u00b0C (-40 &#8230; 185 \u00b0F)<\/td>\n<\/tr>\n<tr>\n<td colspan=\"2\">Storage temperature<\/td>\n<td>-40 &#8230; 85 \u00b0C (-40 &#8230; 185 \u00b0F)<\/td>\n<\/tr>\n<tr>\n<td colspan=\"2\">Relative humidity<\/td>\n<td>98 % , no moisture condensation<\/td>\n<\/tr>\n<tr>\n<th colspan=\"3\">Mechanical specifications<\/th>\n<\/tr>\n<tr>\n<td colspan=\"2\">Material<\/td>\n<td><\/td>\n<\/tr>\n<tr>\n<td><\/td>\n<td>Housing<\/td>\n<td class=\"subattribute\">nickel-plated steel<\/td>\n<\/tr>\n<tr>\n<td><\/td>\n<td>Flange<\/td>\n<td class=\"subattribute\">Aluminum<\/td>\n<\/tr>\n<tr>\n<td><\/td>\n<td>Shaft<\/td>\n<td class=\"subattribute\">Stainless steel<\/td>\n<\/tr>\n<tr>\n<td colspan=\"2\">Mass<\/td>\n<td>approx. 150 g<\/td>\n<\/tr>\n<tr>\n<td colspan=\"2\">Rotational speed<\/td>\n<td>max. 12000 min\u00a0<sup>-1<\/sup><\/td>\n<\/tr>\n<tr>\n<td colspan=\"2\">Moment of inertia<\/td>\n<td>30 gcm<sup>2<\/sup><\/td>\n<\/tr>\n<tr>\n<td colspan=\"2\">Starting torque<\/td>\n<td>&lt; 3 Ncm<\/td>\n<\/tr>\n<tr>\n<td colspan=\"2\">Shaft load<\/td>\n<td><\/td>\n<\/tr>\n<tr>\n<td><\/td>\n<td>Axial<\/td>\n<td class=\"subattribute\">20 N<\/td>\n<\/tr>\n<tr>\n<td><\/td>\n<td>Radial<\/td>\n<td class=\"subattribute\">40 N<\/td>\n<\/tr>\n<\/tbody>\n<\/table>\n<p>&nbsp;<\/p>\n<p><span style=\"color: #0000ff;\"><strong>Classifications<\/strong><\/span><\/p>\n<table class=\"standard enum\">\n<tbody>\n<tr>\n<th>System<\/th>\n<th>Classcode<\/th>\n<\/tr>\n<tr>\n<td>ECLASS 11.0<\/td>\n<td>27270502<\/td>\n<\/tr>\n<tr>\n<td>ECLASS 10.0.1<\/td>\n<td>27270502<\/td>\n<\/tr>\n<tr>\n<td>ECLASS 9.0<\/td>\n<td>27270502<\/td>\n<\/tr>\n<tr>\n<td>ECLASS 8.0<\/td>\n<td>27270502<\/td>\n<\/tr>\n<tr>\n<td>ECLASS 5.1<\/td>\n<td>27270502<\/td>\n<\/tr>\n<tr>\n<td>ETIM 8.0<\/td>\n<td>EC001486<\/td>\n<\/tr>\n<tr>\n<td>ETIM 7.0<\/td>\n<td>EC001486<\/td>\n<\/tr>\n<tr>\n<td>ETIM 6.0<\/td>\n<td>EC001486<\/td>\n<\/tr>\n<tr>\n<td>ETIM 5.0<\/td>\n<td>EC001486<\/td>\n<\/tr>\n<tr>\n<td>UNSPSC 12.1<\/td>\n<td>39121527<\/td>\n<\/tr>\n<\/tbody>\n<\/table>\n<p><\/p>","protected":false},"excerpt":{"rendered":"<ul id=\"productfeatures\">\n<li>Very small housing<\/li>\n<li>Up to 31 bit overall resolution<\/li>\n<li>CAN bus with SAE J1939 protocol<\/li>\n<li>Free of wear magnetic sampling<\/li>\n<li>High resolution and accuracy<\/li>\n<\/ul>\n","protected":false},"featured_media":1075,"comment_status":"open","ping_status":"closed","template":"","meta":[],"product_cat":[30,52],"product_tag":[],"yoast_head":"<!-- This site is optimized with the Yoast SEO plugin v16.6.1 - https:\/\/yoast.com\/wordpress\/plugins\/seo\/ -->\n<title>ENA36IL-S***-J1939 - NEW SKY CO.,LTD<\/title>\n<meta name=\"robots\" content=\"index, follow, max-snippet:-1, max-image-preview:large, max-video-preview:-1\" \/>\n<link rel=\"canonical\" href=\"https:\/\/newskyvn.com\/product\/ena36il-s-j1939\/\" \/>\n<meta property=\"og:locale\" content=\"en_US\" \/>\n<meta property=\"og:type\" content=\"article\" \/>\n<meta property=\"og:title\" content=\"ENA36IL-S***-J1939 - NEW SKY CO.,LTD\" \/>\n<meta property=\"og:description\" content=\"[:vi]  K\u00edch th\u01b0\u1edbc v\u1ecf r\u1ea5t nh\u1ecf  \u0110\u1ed9 ph\u00e2n gi\u1ea3i t\u1ed5ng th\u1ec3 l\u00ean \u0111\u1ebfn 31 bit  CAN bus v\u1edbi giao th\u1ee9c SAE J1939  L\u1ea5y m\u1eabu t\u1eeb t\u00ednh kh\u00f4ng b\u1ecb m\u00e0i m\u00f2n  \u0110\u1ed9 ph\u00e2n gi\u1ea3i v\u00e0 \u0111\u1ed9 ch\u00ednh x\u00e1c cao [:en]  Very small housing  Up to 31 bit overall resolution  CAN bus with SAE J1939 protocol  Free of wear magnetic sampling  High resolution and accuracy [:]\" \/>\n<meta property=\"og:url\" content=\"https:\/\/newskyvn.com\/product\/ena36il-s-j1939\/\" \/>\n<meta property=\"og:site_name\" content=\"NEW SKY CO.,LTD\" \/>\n<meta property=\"og:image\" content=\"https:\/\/newskyvn.com\/wp-content\/uploads\/2021\/09\/ENA36IL-S.jpg\" \/>\n\t<meta property=\"og:image:width\" content=\"500\" \/>\n\t<meta property=\"og:image:height\" content=\"500\" \/>\n<meta name=\"twitter:card\" content=\"summary_large_image\" \/>\n<meta name=\"twitter:label1\" content=\"Est. reading time\" \/>\n\t<meta name=\"twitter:data1\" content=\"2 minutes\" \/>\n<script type=\"application\/ld+json\" class=\"yoast-schema-graph\">{\"@context\":\"https:\/\/schema.org\",\"@graph\":[{\"@type\":\"WebSite\",\"@id\":\"https:\/\/newskyvn.com\/#website\",\"url\":\"https:\/\/newskyvn.com\/\",\"name\":\"NEW SKY CO.,LTD\",\"description\":\"C\\u00f4ng Ty TNHH S\\u1ea3n Xu\\u1ea5t Th\\u01b0\\u01a1ng M\\u1ea1i D\\u1ecbch V\\u1ee5 T\\u00e2n Thi\\u00ean\",\"potentialAction\":[{\"@type\":\"SearchAction\",\"target\":{\"@type\":\"EntryPoint\",\"urlTemplate\":\"https:\/\/newskyvn.com\/?s={search_term_string}\"},\"query-input\":\"required name=search_term_string\"}],\"inLanguage\":\"en-US\"},{\"@type\":\"ImageObject\",\"@id\":\"https:\/\/newskyvn.com\/product\/ena36il-s-j1939\/#primaryimage\",\"inLanguage\":\"en-US\",\"url\":\"https:\/\/newskyvn.com\/wp-content\/uploads\/2021\/09\/ENA36IL-S.jpg\",\"contentUrl\":\"https:\/\/newskyvn.com\/wp-content\/uploads\/2021\/09\/ENA36IL-S.jpg\",\"width\":500,\"height\":500},{\"@type\":\"WebPage\",\"@id\":\"https:\/\/newskyvn.com\/product\/ena36il-s-j1939\/#webpage\",\"url\":\"https:\/\/newskyvn.com\/product\/ena36il-s-j1939\/\",\"name\":\"ENA36IL-S***-J1939 - NEW SKY CO.,LTD\",\"isPartOf\":{\"@id\":\"https:\/\/newskyvn.com\/#website\"},\"primaryImageOfPage\":{\"@id\":\"https:\/\/newskyvn.com\/product\/ena36il-s-j1939\/#primaryimage\"},\"datePublished\":\"2021-09-12T13:34:05+00:00\",\"dateModified\":\"2021-09-12T13:34:05+00:00\",\"breadcrumb\":{\"@id\":\"https:\/\/newskyvn.com\/product\/ena36il-s-j1939\/#breadcrumb\"},\"inLanguage\":\"en-US\",\"potentialAction\":[{\"@type\":\"ReadAction\",\"target\":[\"https:\/\/newskyvn.com\/product\/ena36il-s-j1939\/\"]}]},{\"@type\":\"BreadcrumbList\",\"@id\":\"https:\/\/newskyvn.com\/product\/ena36il-s-j1939\/#breadcrumb\",\"itemListElement\":[{\"@type\":\"ListItem\",\"position\":1,\"name\":\"Product\",\"item\":\"https:\/\/newskyvn.com\/en\/san-pham\/\"},{\"@type\":\"ListItem\",\"position\":2,\"name\":\"ENA36IL-S***-J1939\"}]}]}<\/script>\n<!-- \/ Yoast SEO plugin. -->","_links":{"self":[{"href":"https:\/\/newskyvn.com\/en\/wp-json\/wp\/v2\/product\/1073"}],"collection":[{"href":"https:\/\/newskyvn.com\/en\/wp-json\/wp\/v2\/product"}],"about":[{"href":"https:\/\/newskyvn.com\/en\/wp-json\/wp\/v2\/types\/product"}],"replies":[{"embeddable":true,"href":"https:\/\/newskyvn.com\/en\/wp-json\/wp\/v2\/comments?post=1073"}],"wp:featuredmedia":[{"embeddable":true,"href":"https:\/\/newskyvn.com\/en\/wp-json\/wp\/v2\/media\/1075"}],"wp:attachment":[{"href":"https:\/\/newskyvn.com\/en\/wp-json\/wp\/v2\/media?parent=1073"}],"wp:term":[{"taxonomy":"product_cat","embeddable":true,"href":"https:\/\/newskyvn.com\/en\/wp-json\/wp\/v2\/product_cat?post=1073"},{"taxonomy":"product_tag","embeddable":true,"href":"https:\/\/newskyvn.com\/en\/wp-json\/wp\/v2\/product_tag?post=1073"}],"curies":[{"name":"wp","href":"https:\/\/api.w.org\/{rel}","templated":true}]}}