{"id":1067,"date":"2021-09-12T13:23:20","date_gmt":"2021-09-12T13:23:20","guid":{"rendered":"https:\/\/newskyvn.com\/?post_type=product&#038;p=1067"},"modified":"2021-09-12T13:23:21","modified_gmt":"2021-09-12T13:23:21","slug":"css58","status":"publish","type":"product","link":"https:\/\/newskyvn.com\/en\/product\/css58\/","title":{"rendered":"CSS58"},"content":{"rendered":"<p>&nbsp;<\/p>\n<p id=\"techdata\"><strong><span style=\"color: #0000ff;\">Datasheet excerpt: Technical data of\u00a0 CSS58<\/span><\/strong><\/p>\n<table class=\"standard enum\">\n<tbody>\n<tr>\n<th colspan=\"3\">General specifications<\/th>\n<\/tr>\n<tr>\n<td colspan=\"2\">Detection type<\/td>\n<td>photoelectric sampling<\/td>\n<\/tr>\n<tr>\n<td colspan=\"2\">Device type<\/td>\n<td>Singleturn absolute encoder<\/td>\n<\/tr>\n<tr>\n<th colspan=\"3\">Functional safety related parameters<\/th>\n<\/tr>\n<tr>\n<td colspan=\"2\">MTTF<sub>d<\/sub><\/td>\n<td>80 a<\/td>\n<\/tr>\n<tr>\n<td colspan=\"2\">Mission Time (T<sub>M<\/sub>)<\/td>\n<td>20 a<\/td>\n<\/tr>\n<tr>\n<td colspan=\"2\">L<sub>10<\/sub><\/td>\n<td>1.9 E+11 at 6000\u00a0rpm and 20\/40\u00a0N axial\/radial shaft load<\/td>\n<\/tr>\n<tr>\n<td colspan=\"2\">Diagnostic Coverage (DC)<\/td>\n<td>0 %<\/td>\n<\/tr>\n<tr>\n<th colspan=\"3\">Electrical specifications<\/th>\n<\/tr>\n<tr>\n<td colspan=\"2\">Operating voltage<\/td>\n<td>10 &#8230; 30 V DC<\/td>\n<\/tr>\n<tr>\n<td colspan=\"2\">No-load supply current<\/td>\n<td>max. 230 mA at 10 V DC<br \/>\nmax. 100 mA at 24 V DC<\/td>\n<\/tr>\n<tr>\n<td colspan=\"2\">Time delay before availability<\/td>\n<td>&lt; 250 ms<\/td>\n<\/tr>\n<tr>\n<td colspan=\"2\">Linearity<\/td>\n<td>\u00b1 2 LSB at 16 Bit, \u00b1 1 LSB at 13 Bit, \u00b1 0,5 LSB at 12 Bit<\/td>\n<\/tr>\n<tr>\n<td colspan=\"2\">Output code<\/td>\n<td>binary code<\/td>\n<\/tr>\n<tr>\n<td colspan=\"2\">Code course (counting direction)<\/td>\n<td>cw ascending (clockwise rotation, code course ascending)<br \/>\ncw descending (clockwise rotation, code course descending)<\/td>\n<\/tr>\n<tr>\n<th colspan=\"3\">Interface<\/th>\n<\/tr>\n<tr>\n<td colspan=\"2\">Interface type<\/td>\n<td>CANopen<\/td>\n<\/tr>\n<tr>\n<td colspan=\"2\">Resolution<\/td>\n<td><\/td>\n<\/tr>\n<tr>\n<td><\/td>\n<td>Single turn<\/td>\n<td class=\"subattribute\">up to 16 Bit<\/td>\n<\/tr>\n<tr>\n<td><\/td>\n<td>Overall resolution<\/td>\n<td class=\"subattribute\">up to 16 Bit<\/td>\n<\/tr>\n<tr>\n<td colspan=\"2\">Transfer rate<\/td>\n<td>max. 1 MBit\/s<\/td>\n<\/tr>\n<tr>\n<td colspan=\"2\">Standard conformity<\/td>\n<td>communication profile: DS 301<br \/>\nDevice profiles: DS 406 and DS 417 , programmable according to class 2<\/td>\n<\/tr>\n<tr>\n<th colspan=\"3\">Connection<\/th>\n<\/tr>\n<tr>\n<td colspan=\"2\">Terminal compartment<\/td>\n<td>in removable housing cover<\/td>\n<\/tr>\n<tr>\n<th colspan=\"3\">Standard conformity<\/th>\n<\/tr>\n<tr>\n<td colspan=\"2\">Degree of protection<\/td>\n<td>DIN\u00a0EN\u00a060529, IP65<br \/>\nIP66 (with shaft seal)<\/td>\n<\/tr>\n<tr>\n<td colspan=\"2\">Climatic testing<\/td>\n<td>DIN\u00a0EN\u00a060068-2-30 , no moisture condensation<\/td>\n<\/tr>\n<tr>\n<td colspan=\"2\">Emitted interference<\/td>\n<td>EN 61000-6-4:2007<\/td>\n<\/tr>\n<tr>\n<td colspan=\"2\">Noise immunity<\/td>\n<td>EN\u00a061000-6-2:2005<\/td>\n<\/tr>\n<tr>\n<td colspan=\"2\">Shock resistance<\/td>\n<td>DIN\u00a0EN\u00a060068-2-27, 100\u00a0<i>g<\/i>, 6\u00a0ms<\/td>\n<\/tr>\n<tr>\n<td colspan=\"2\">Vibration resistance<\/td>\n<td>DIN\u00a0EN\u00a060068-2-6, 20\u00a0<i>g<\/i>, 10\u00a0&#8230;\u00a02000\u00a0Hz<\/td>\n<\/tr>\n<tr>\n<th colspan=\"3\">Approvals and certificates<\/th>\n<\/tr>\n<tr>\n<td colspan=\"2\">UL approval<\/td>\n<td>cULus Listed, General Purpose, Class 2 Power Source<\/td>\n<\/tr>\n<tr>\n<th colspan=\"3\">Ambient conditions<\/th>\n<\/tr>\n<tr>\n<td colspan=\"2\">Operating temperature<\/td>\n<td>-40 &#8230; 85 \u00b0C (-40 &#8230; 185 \u00b0F)<\/td>\n<\/tr>\n<tr>\n<td colspan=\"2\">Storage temperature<\/td>\n<td>-40 &#8230; 85 \u00b0C (-40 &#8230; 185 \u00b0F)<\/td>\n<\/tr>\n<tr>\n<th colspan=\"3\">Mechanical specifications<\/th>\n<\/tr>\n<tr>\n<td colspan=\"2\">Material<\/td>\n<td><\/td>\n<\/tr>\n<tr>\n<td><\/td>\n<td>Combination 1<\/td>\n<td class=\"subattribute\">housing: powder coated aluminum<br \/>\nflange: aluminum<br \/>\nshaft: stainless steel<\/td>\n<\/tr>\n<tr>\n<td><\/td>\n<td>Combination 2 (Inox)<\/td>\n<td class=\"subattribute\">housing: stainless steel<br \/>\nflange: stainless steel<br \/>\nshaft: stainless steel<\/td>\n<\/tr>\n<tr>\n<td colspan=\"2\">Mass<\/td>\n<td>approx. 550 g (combination 1)<br \/>\napprox. 1100 g (combination 2)<\/td>\n<\/tr>\n<tr>\n<td colspan=\"2\">Rotational speed<\/td>\n<td>max. 12000 min\u00a0<sup>-1<\/sup><\/td>\n<\/tr>\n<tr>\n<td colspan=\"2\">Moment of inertia<\/td>\n<td>30 gcm<sup>2<\/sup><\/td>\n<\/tr>\n<tr>\n<td colspan=\"2\">Starting torque<\/td>\n<td>\u2264 3 Ncm (version without shaft seal)<\/td>\n<\/tr>\n<tr>\n<td colspan=\"2\">Tightening torque, fastening screws<\/td>\n<td>max. 1.8 Nm<\/td>\n<\/tr>\n<tr>\n<td colspan=\"2\">Shaft load<\/td>\n<td><\/td>\n<\/tr>\n<tr>\n<td><\/td>\n<td>Angle offset<\/td>\n<td class=\"subattribute\">\u00b1 0.9 \u00b0<\/td>\n<\/tr>\n<tr>\n<td><\/td>\n<td>Axial offset<\/td>\n<td class=\"subattribute\">static: \u00b1 0.3 mm, dynamic: \u00b1 0.1 mm<\/td>\n<\/tr>\n<tr>\n<td><\/td>\n<td>Radial offset<\/td>\n<td class=\"subattribute\">static: \u00b1 0.5 mm, dynamic: \u00b1 0.2 mm<\/td>\n<\/tr>\n<\/tbody>\n<\/table>\n<p>&nbsp;<\/p>\n<p><strong><span style=\"color: #0000ff;\">Classifications<\/span><\/strong><\/p>\n<table class=\"standard enum\">\n<tbody>\n<tr>\n<th>System<\/th>\n<th>Classcode<\/th>\n<\/tr>\n<tr>\n<td>ECLASS 11.0<\/td>\n<td>27270502<\/td>\n<\/tr>\n<tr>\n<td>ECLASS 10.0.1<\/td>\n<td>27270502<\/td>\n<\/tr>\n<tr>\n<td>ECLASS 9.0<\/td>\n<td>27270502<\/td>\n<\/tr>\n<tr>\n<td>ECLASS 8.0<\/td>\n<td>27270502<\/td>\n<\/tr>\n<tr>\n<td>ECLASS 5.1<\/td>\n<td>27270502<\/td>\n<\/tr>\n<tr>\n<td>ETIM 8.0<\/td>\n<td>EC001486<\/td>\n<\/tr>\n<tr>\n<td>ETIM 7.0<\/td>\n<td>EC001486<\/td>\n<\/tr>\n<tr>\n<td>ETIM 6.0<\/td>\n<td>EC001486<\/td>\n<\/tr>\n<tr>\n<td>ETIM 5.0<\/td>\n<td>EC001486<\/td>\n<\/tr>\n<tr>\n<td>UNSPSC 12.1<\/td>\n<td>39121527<\/td>\n<\/tr>\n<\/tbody>\n<\/table>\n<p><\/p>","protected":false},"excerpt":{"rendered":"<ul id=\"productfeatures\">\n<li>Industrial standard housing\u00a0\u220558\u00a0mm<\/li>\n<li>Recessed hollow shaft<\/li>\n<li>16 Bit singleturn<\/li>\n<li>Galvanically isolated CAN interface<\/li>\n<li>2 limit switches<\/li>\n<li>8 programmable cams<\/li>\n<li>Velocity and acceleration output<\/li>\n<li>Event triggered process data transfer<\/li>\n<\/ul>\n","protected":false},"featured_media":1069,"comment_status":"open","ping_status":"closed","template":"","meta":[],"product_cat":[30,52],"product_tag":[],"yoast_head":"<!-- This site is optimized with the Yoast SEO plugin v16.6.1 - https:\/\/yoast.com\/wordpress\/plugins\/seo\/ -->\n<title>CSS58 - NEW SKY CO.,LTD<\/title>\n<meta name=\"robots\" content=\"index, follow, max-snippet:-1, max-image-preview:large, max-video-preview:-1\" \/>\n<link rel=\"canonical\" href=\"https:\/\/newskyvn.com\/product\/css58\/\" \/>\n<meta property=\"og:locale\" content=\"en_US\" \/>\n<meta property=\"og:type\" content=\"article\" \/>\n<meta property=\"og:title\" content=\"CSS58 - NEW SKY CO.,LTD\" \/>\n<meta property=\"og:description\" content=\"[:vi]  V\u1ecf ti\u00eau chu\u1ea9n c\u00f4ng nghi\u1ec7p \u220558 mm  Tr\u1ee5c r\u1ed7ng l\u00f5m  16 Bit singleturn  Giao di\u1ec7n CAN c\u00e1ch ly b\u1eb1ng \u0111i\u1ec7n  2 c\u00f4ng t\u1eafc h\u00e0nh tr\u00ecnh  8 cam c\u00f3 th\u1ec3 l\u1eadp tr\u00ecnh  \u0110\u1ea7u ra v\u1eadn t\u1ed1c v\u00e0 gia t\u1ed1c  S\u1ef1 ki\u1ec7n \u0111\u00e3 k\u00edch ho\u1ea1t qu\u00e1 tr\u00ecnh chuy\u1ec3n d\u1eef li\u1ec7u [:en]  Industrial standard housing\u00a0\u220558\u00a0mm  Recessed hollow shaft  16 Bit singleturn  Galvanically isolated CAN interface  2 limit switches  8 programmable cams  Velocity and acceleration output  Event triggered process data transfer [:]\" \/>\n<meta property=\"og:url\" content=\"https:\/\/newskyvn.com\/product\/css58\/\" \/>\n<meta property=\"og:site_name\" content=\"NEW SKY CO.,LTD\" \/>\n<meta property=\"article:modified_time\" content=\"2021-09-12T13:23:21+00:00\" \/>\n<meta property=\"og:image\" content=\"https:\/\/newskyvn.com\/wp-content\/uploads\/2021\/09\/CSS58.jpg\" \/>\n\t<meta property=\"og:image:width\" content=\"500\" \/>\n\t<meta property=\"og:image:height\" content=\"500\" \/>\n<meta name=\"twitter:card\" content=\"summary_large_image\" \/>\n<meta name=\"twitter:label1\" content=\"Est. reading time\" \/>\n\t<meta name=\"twitter:data1\" content=\"2 minutes\" \/>\n<script type=\"application\/ld+json\" class=\"yoast-schema-graph\">{\"@context\":\"https:\/\/schema.org\",\"@graph\":[{\"@type\":\"WebSite\",\"@id\":\"https:\/\/newskyvn.com\/#website\",\"url\":\"https:\/\/newskyvn.com\/\",\"name\":\"NEW SKY CO.,LTD\",\"description\":\"C\\u00f4ng Ty TNHH S\\u1ea3n Xu\\u1ea5t Th\\u01b0\\u01a1ng M\\u1ea1i D\\u1ecbch V\\u1ee5 T\\u00e2n Thi\\u00ean\",\"potentialAction\":[{\"@type\":\"SearchAction\",\"target\":{\"@type\":\"EntryPoint\",\"urlTemplate\":\"https:\/\/newskyvn.com\/?s={search_term_string}\"},\"query-input\":\"required name=search_term_string\"}],\"inLanguage\":\"en-US\"},{\"@type\":\"ImageObject\",\"@id\":\"https:\/\/newskyvn.com\/product\/css58\/#primaryimage\",\"inLanguage\":\"en-US\",\"url\":\"https:\/\/newskyvn.com\/wp-content\/uploads\/2021\/09\/CSS58.jpg\",\"contentUrl\":\"https:\/\/newskyvn.com\/wp-content\/uploads\/2021\/09\/CSS58.jpg\",\"width\":500,\"height\":500},{\"@type\":\"WebPage\",\"@id\":\"https:\/\/newskyvn.com\/product\/css58\/#webpage\",\"url\":\"https:\/\/newskyvn.com\/product\/css58\/\",\"name\":\"CSS58 - NEW SKY CO.,LTD\",\"isPartOf\":{\"@id\":\"https:\/\/newskyvn.com\/#website\"},\"primaryImageOfPage\":{\"@id\":\"https:\/\/newskyvn.com\/product\/css58\/#primaryimage\"},\"datePublished\":\"2021-09-12T13:23:20+00:00\",\"dateModified\":\"2021-09-12T13:23:21+00:00\",\"breadcrumb\":{\"@id\":\"https:\/\/newskyvn.com\/product\/css58\/#breadcrumb\"},\"inLanguage\":\"en-US\",\"potentialAction\":[{\"@type\":\"ReadAction\",\"target\":[\"https:\/\/newskyvn.com\/product\/css58\/\"]}]},{\"@type\":\"BreadcrumbList\",\"@id\":\"https:\/\/newskyvn.com\/product\/css58\/#breadcrumb\",\"itemListElement\":[{\"@type\":\"ListItem\",\"position\":1,\"name\":\"Product\",\"item\":\"https:\/\/newskyvn.com\/en\/san-pham\/\"},{\"@type\":\"ListItem\",\"position\":2,\"name\":\"CSS58\"}]}]}<\/script>\n<!-- \/ Yoast SEO plugin. -->","_links":{"self":[{"href":"https:\/\/newskyvn.com\/en\/wp-json\/wp\/v2\/product\/1067"}],"collection":[{"href":"https:\/\/newskyvn.com\/en\/wp-json\/wp\/v2\/product"}],"about":[{"href":"https:\/\/newskyvn.com\/en\/wp-json\/wp\/v2\/types\/product"}],"replies":[{"embeddable":true,"href":"https:\/\/newskyvn.com\/en\/wp-json\/wp\/v2\/comments?post=1067"}],"wp:featuredmedia":[{"embeddable":true,"href":"https:\/\/newskyvn.com\/en\/wp-json\/wp\/v2\/media\/1069"}],"wp:attachment":[{"href":"https:\/\/newskyvn.com\/en\/wp-json\/wp\/v2\/media?parent=1067"}],"wp:term":[{"taxonomy":"product_cat","embeddable":true,"href":"https:\/\/newskyvn.com\/en\/wp-json\/wp\/v2\/product_cat?post=1067"},{"taxonomy":"product_tag","embeddable":true,"href":"https:\/\/newskyvn.com\/en\/wp-json\/wp\/v2\/product_tag?post=1067"}],"curies":[{"name":"wp","href":"https:\/\/api.w.org\/{rel}","templated":true}]}}