{"id":1043,"date":"2021-09-12T08:56:09","date_gmt":"2021-09-12T08:56:09","guid":{"rendered":"https:\/\/newskyvn.com\/?post_type=product&#038;p=1043"},"modified":"2021-09-24T02:37:55","modified_gmt":"2021-09-24T02:37:55","slug":"oit500-f113-b12-cb","status":"publish","type":"product","link":"https:\/\/newskyvn.com\/en\/product\/oit500-f113-b12-cb\/","title":{"rendered":"OIT500-F113-B12-CB"},"content":{"rendered":"<p>&nbsp;<\/p>\n<p id=\"techdata\"><strong><span style=\"color: #0000ff;\">Datasheet excerpt: Technical data of\u00a0 OIT500-F113-B12-CB<\/span><\/strong><\/p>\n<table class=\"standard enum\">\n<tbody>\n<tr>\n<th colspan=\"2\">Product Description<\/th>\n<\/tr>\n<tr>\n<td colspan=\"3\">Optical high temperature identification system, 200\u00a0 to \u00a0450\u00a0mm<\/td>\n<\/tr>\n<\/tbody>\n<\/table>\n<table class=\"standard enum\">\n<tbody>\n<tr>\n<th colspan=\"3\">General specifications<\/th>\n<\/tr>\n<tr>\n<td colspan=\"2\">Light source<\/td>\n<td>Integrated LED lightning<\/td>\n<\/tr>\n<tr>\n<td colspan=\"2\">Light type<\/td>\n<td>infrared<\/td>\n<\/tr>\n<tr>\n<td colspan=\"2\">Symbologies<\/td>\n<td>Hole matrix<br \/>\nData format: decimal<br \/>\nData capacity: 6 (numerical)<br \/>\nOrientation: omnidirectional<\/td>\n<\/tr>\n<tr>\n<td colspan=\"2\">Read distance<\/td>\n<td>200 &#8230; 450 mm<\/td>\n<\/tr>\n<tr>\n<td colspan=\"2\">Depth of focus<\/td>\n<td>\u00b1 50 mm<\/td>\n<\/tr>\n<tr>\n<td colspan=\"2\">Reading field<\/td>\n<td>330 mm x 250 mm at max. read distance<\/td>\n<\/tr>\n<tr>\n<td colspan=\"2\">Evaluation frequency<\/td>\n<td>5 Hz<\/td>\n<\/tr>\n<tr>\n<td colspan=\"2\">Target velocity<\/td>\n<td>triggered max. 0.5 m\/s<\/td>\n<\/tr>\n<tr>\n<th colspan=\"3\">Functional safety related parameters<\/th>\n<\/tr>\n<tr>\n<td colspan=\"2\">MTTF<sub>d<\/sub><\/td>\n<td>51 a<\/td>\n<\/tr>\n<tr>\n<td colspan=\"2\">Mission Time (T<sub>M<\/sub>)<\/td>\n<td>10 a<\/td>\n<\/tr>\n<tr>\n<td colspan=\"2\">Diagnostic Coverage (DC)<\/td>\n<td>0 %<\/td>\n<\/tr>\n<tr>\n<th colspan=\"3\">Indicators\/operating means<\/th>\n<\/tr>\n<tr>\n<td colspan=\"2\">Operation indicator<\/td>\n<td>LED green: supply<br \/>\nLED green: ready<\/td>\n<\/tr>\n<tr>\n<td colspan=\"2\">Function indicator<\/td>\n<td>Yellow LED: trigger<br \/>\nYellow LED: code read<br \/>\nRed LED: pre-fault<br \/>\nRed LED: group error<\/td>\n<\/tr>\n<tr>\n<th colspan=\"3\">Electrical specifications<\/th>\n<\/tr>\n<tr>\n<td colspan=\"2\">Operating voltage<\/td>\n<td>24 V DC \u00b1 15% , PELV<\/td>\n<\/tr>\n<tr>\n<td colspan=\"2\">Operating current<\/td>\n<td>250 mA without output drivers<\/td>\n<\/tr>\n<tr>\n<th colspan=\"3\">Interface<\/th>\n<\/tr>\n<tr>\n<td colspan=\"2\">Physical<\/td>\n<td>Ethernet<\/td>\n<\/tr>\n<tr>\n<td colspan=\"2\">Protocol<\/td>\n<td>TCP\/IP<\/td>\n<\/tr>\n<tr>\n<td colspan=\"2\">Transfer rate<\/td>\n<td>100 MBit\/s<\/td>\n<\/tr>\n<tr>\n<th colspan=\"3\">Input<\/th>\n<\/tr>\n<tr>\n<td colspan=\"2\">Input voltage<\/td>\n<td>to be applied externally 24 V \u00b1 15% PELV<\/td>\n<\/tr>\n<tr>\n<td colspan=\"2\">Number\/Type<\/td>\n<td>1 trigger input 2 control unit inputs , optically decoupled<\/td>\n<\/tr>\n<tr>\n<td colspan=\"2\">Input current<\/td>\n<td>approx. 1 mA at 24 V DC<\/td>\n<\/tr>\n<tr>\n<th colspan=\"3\">Output<\/th>\n<\/tr>\n<tr>\n<td colspan=\"2\">Number\/Type<\/td>\n<td>1 electronic output, PNP, optically decoupled<\/td>\n<\/tr>\n<tr>\n<td colspan=\"2\">Switching voltage<\/td>\n<td>to be applied externally 24 V \u00b1 15 % PELV<\/td>\n<\/tr>\n<tr>\n<td colspan=\"2\">Switching current<\/td>\n<td>100 mA each output<\/td>\n<\/tr>\n<tr>\n<th colspan=\"3\">Compliance with standards and directives<\/th>\n<\/tr>\n<tr>\n<td colspan=\"2\">Directive conformity<\/td>\n<td><\/td>\n<\/tr>\n<tr>\n<td><\/td>\n<td>EMC Directive 2004\/108\/EC<\/td>\n<td class=\"subattribute\">EN 61326-1 , EN 61000-6-4<\/td>\n<\/tr>\n<tr>\n<td colspan=\"2\">Standard conformity<\/td>\n<td><\/td>\n<\/tr>\n<tr>\n<td><\/td>\n<td>Noise immunity<\/td>\n<td class=\"subattribute\">EN 61326-1<\/td>\n<\/tr>\n<tr>\n<td><\/td>\n<td>Emitted interference<\/td>\n<td class=\"subattribute\">EN 61000-6-4:2007\/A1:2011<\/td>\n<\/tr>\n<tr>\n<td><\/td>\n<td>Degree of protection<\/td>\n<td class=\"subattribute\">EN\u00a060529<\/td>\n<\/tr>\n<tr>\n<th colspan=\"3\">Approvals and certificates<\/th>\n<\/tr>\n<tr>\n<td colspan=\"2\">EAC conformity<\/td>\n<td>TR\u00a0CU 020\/2011<\/td>\n<\/tr>\n<tr>\n<th colspan=\"3\">Ambient conditions<\/th>\n<\/tr>\n<tr>\n<td colspan=\"2\">Ambient temperature<\/td>\n<td>0 &#8230; 45 \u00b0C (32 &#8230; 113 \u00b0F)<\/td>\n<\/tr>\n<tr>\n<td colspan=\"2\">Storage temperature<\/td>\n<td>-20 &#8230; 60 \u00b0C (-4 &#8230; 140 \u00b0F)<\/td>\n<\/tr>\n<tr>\n<th colspan=\"3\">Mechanical specifications<\/th>\n<\/tr>\n<tr>\n<td colspan=\"2\">Degree of protection<\/td>\n<td>IP64<\/td>\n<\/tr>\n<tr>\n<td colspan=\"2\">Connection<\/td>\n<td>8-pin Harting HAN<br \/>\nRJ-45<br \/>\n2 x 5-pin M12 socket<br \/>\nSupplied ferrite sleeve for suppression of the Ethernet cable<\/td>\n<\/tr>\n<tr>\n<td colspan=\"2\">Material<\/td>\n<td><\/td>\n<\/tr>\n<tr>\n<td><\/td>\n<td>Housing<\/td>\n<td class=\"subattribute\">diecast aluminum powder coated<\/td>\n<\/tr>\n<tr>\n<td colspan=\"2\">Mass<\/td>\n<td>approx. 4000 g<\/td>\n<\/tr>\n<\/tbody>\n<\/table>\n<p>&nbsp;<\/p>\n<p><strong><span style=\"color: #0000ff;\">Classifications<\/span><\/strong><\/p>\n<table class=\"standard enum\">\n<tbody>\n<tr>\n<th>System<\/th>\n<th>Classcode<\/th>\n<\/tr>\n<tr>\n<td>ECLASS 11.0<\/td>\n<td>27280103<\/td>\n<\/tr>\n<tr>\n<td>ECLASS 10.0.1<\/td>\n<td>27280103<\/td>\n<\/tr>\n<tr>\n<td>ECLASS 9.0<\/td>\n<td>27280103<\/td>\n<\/tr>\n<tr>\n<td>ECLASS 8.0<\/td>\n<td>27280103<\/td>\n<\/tr>\n<tr>\n<td>ECLASS 5.1<\/td>\n<td>27280103<\/td>\n<\/tr>\n<tr>\n<td>ETIM 8.0<\/td>\n<td>EC002999<\/td>\n<\/tr>\n<tr>\n<td>ETIM 7.0<\/td>\n<td>EC002999<\/td>\n<\/tr>\n<tr>\n<td>ETIM 6.0<\/td>\n<td>EC002999<\/td>\n<\/tr>\n<tr>\n<td>ETIM 5.0<\/td>\n<td>EC002999<\/td>\n<\/tr>\n<tr>\n<td>UNSPSC 12.1<\/td>\n<td>43211701<\/td>\n<\/tr>\n<\/tbody>\n<\/table>\n<p><\/p>","protected":false},"excerpt":{"rendered":"<ul id=\"productfeatures\">\n<li>High-temperature code carrier up to 500\u00a0\u00b0C (932\u00a0\u00b0F)<\/li>\n<li>Sturdy and compact design<\/li>\n<li>Integrated illumination<\/li>\n<li>High operating range<\/li>\n<li>Large sensing range<\/li>\n<li>High depth of focus<\/li>\n<\/ul>\n","protected":false},"featured_media":1045,"comment_status":"open","ping_status":"closed","template":"","meta":[],"product_cat":[29,50,62,64],"product_tag":[],"yoast_head":"<!-- This site is optimized with the Yoast SEO plugin v16.6.1 - https:\/\/yoast.com\/wordpress\/plugins\/seo\/ -->\n<title>OIT500-F113-B12-CB - NEW SKY CO.,LTD<\/title>\n<meta name=\"robots\" content=\"index, follow, max-snippet:-1, max-image-preview:large, max-video-preview:-1\" \/>\n<link rel=\"canonical\" href=\"https:\/\/newskyvn.com\/product\/oit500-f113-b12-cb\/\" \/>\n<meta property=\"og:locale\" content=\"en_US\" \/>\n<meta property=\"og:type\" content=\"article\" \/>\n<meta property=\"og:title\" content=\"OIT500-F113-B12-CB - NEW SKY CO.,LTD\" \/>\n<meta property=\"og:description\" content=\"[:vi]  H\u1ec7 th\u1ed1ng nh\u1eadn d\u1ea1ng nhi\u1ec7t \u0111\u1ed9 cao  Nhi\u1ec7t \u0111\u1ed9 cao mang m\u00e3 l\u00ean \u0111\u1ebfn 500 \u00b0 C (932 \u00b0 F)  Thi\u1ebft k\u1ebf ch\u1eafc ch\u1eafn v\u00e0 nh\u1ecf g\u1ecdn  Chi\u1ebfu s\u00e1ng t\u00edch h\u1ee3p  Ph\u1ea1m vi ho\u1ea1t \u0111\u1ed9ng cao  Ph\u1ea1m vi c\u1ea3m bi\u1ebfn l\u1edbn  \u0110\u1ed9 s\u00e2u l\u1ea5y n\u00e9t cao [:en]  High-temperature code carrier up to 500\u00a0\u00b0C (932\u00a0\u00b0F)  Sturdy and compact design  Integrated illumination  High operating range  Large sensing range  High depth of focus [:]\" \/>\n<meta property=\"og:url\" content=\"https:\/\/newskyvn.com\/product\/oit500-f113-b12-cb\/\" \/>\n<meta property=\"og:site_name\" content=\"NEW SKY CO.,LTD\" \/>\n<meta property=\"article:modified_time\" content=\"2021-09-24T02:37:55+00:00\" \/>\n<meta property=\"og:image\" content=\"https:\/\/newskyvn.com\/wp-content\/uploads\/2021\/09\/OIT500.jpg\" \/>\n\t<meta property=\"og:image:width\" content=\"500\" \/>\n\t<meta property=\"og:image:height\" content=\"500\" \/>\n<meta name=\"twitter:card\" content=\"summary_large_image\" \/>\n<meta name=\"twitter:label1\" content=\"Est. reading time\" \/>\n\t<meta name=\"twitter:data1\" content=\"2 minutes\" \/>\n<script type=\"application\/ld+json\" class=\"yoast-schema-graph\">{\"@context\":\"https:\/\/schema.org\",\"@graph\":[{\"@type\":\"WebSite\",\"@id\":\"https:\/\/newskyvn.com\/#website\",\"url\":\"https:\/\/newskyvn.com\/\",\"name\":\"NEW SKY CO.,LTD\",\"description\":\"C\\u00f4ng Ty TNHH S\\u1ea3n Xu\\u1ea5t Th\\u01b0\\u01a1ng M\\u1ea1i D\\u1ecbch V\\u1ee5 T\\u00e2n Thi\\u00ean\",\"potentialAction\":[{\"@type\":\"SearchAction\",\"target\":{\"@type\":\"EntryPoint\",\"urlTemplate\":\"https:\/\/newskyvn.com\/?s={search_term_string}\"},\"query-input\":\"required name=search_term_string\"}],\"inLanguage\":\"en-US\"},{\"@type\":\"ImageObject\",\"@id\":\"https:\/\/newskyvn.com\/product\/oit500-f113-b12-cb\/#primaryimage\",\"inLanguage\":\"en-US\",\"url\":\"https:\/\/newskyvn.com\/wp-content\/uploads\/2021\/09\/OIT500.jpg\",\"contentUrl\":\"https:\/\/newskyvn.com\/wp-content\/uploads\/2021\/09\/OIT500.jpg\",\"width\":500,\"height\":500},{\"@type\":\"WebPage\",\"@id\":\"https:\/\/newskyvn.com\/product\/oit500-f113-b12-cb\/#webpage\",\"url\":\"https:\/\/newskyvn.com\/product\/oit500-f113-b12-cb\/\",\"name\":\"OIT500-F113-B12-CB - NEW SKY CO.,LTD\",\"isPartOf\":{\"@id\":\"https:\/\/newskyvn.com\/#website\"},\"primaryImageOfPage\":{\"@id\":\"https:\/\/newskyvn.com\/product\/oit500-f113-b12-cb\/#primaryimage\"},\"datePublished\":\"2021-09-12T08:56:09+00:00\",\"dateModified\":\"2021-09-24T02:37:55+00:00\",\"breadcrumb\":{\"@id\":\"https:\/\/newskyvn.com\/product\/oit500-f113-b12-cb\/#breadcrumb\"},\"inLanguage\":\"en-US\",\"potentialAction\":[{\"@type\":\"ReadAction\",\"target\":[\"https:\/\/newskyvn.com\/product\/oit500-f113-b12-cb\/\"]}]},{\"@type\":\"BreadcrumbList\",\"@id\":\"https:\/\/newskyvn.com\/product\/oit500-f113-b12-cb\/#breadcrumb\",\"itemListElement\":[{\"@type\":\"ListItem\",\"position\":1,\"name\":\"Product\",\"item\":\"https:\/\/newskyvn.com\/en\/san-pham\/\"},{\"@type\":\"ListItem\",\"position\":2,\"name\":\"OIT500-F113-B12-CB\"}]}]}<\/script>\n<!-- \/ Yoast SEO plugin. -->","_links":{"self":[{"href":"https:\/\/newskyvn.com\/en\/wp-json\/wp\/v2\/product\/1043"}],"collection":[{"href":"https:\/\/newskyvn.com\/en\/wp-json\/wp\/v2\/product"}],"about":[{"href":"https:\/\/newskyvn.com\/en\/wp-json\/wp\/v2\/types\/product"}],"replies":[{"embeddable":true,"href":"https:\/\/newskyvn.com\/en\/wp-json\/wp\/v2\/comments?post=1043"}],"wp:featuredmedia":[{"embeddable":true,"href":"https:\/\/newskyvn.com\/en\/wp-json\/wp\/v2\/media\/1045"}],"wp:attachment":[{"href":"https:\/\/newskyvn.com\/en\/wp-json\/wp\/v2\/media?parent=1043"}],"wp:term":[{"taxonomy":"product_cat","embeddable":true,"href":"https:\/\/newskyvn.com\/en\/wp-json\/wp\/v2\/product_cat?post=1043"},{"taxonomy":"product_tag","embeddable":true,"href":"https:\/\/newskyvn.com\/en\/wp-json\/wp\/v2\/product_tag?post=1043"}],"curies":[{"name":"wp","href":"https:\/\/api.w.org\/{rel}","templated":true}]}}