{"id":1040,"date":"2021-08-12T08:49:50","date_gmt":"2021-08-12T08:49:50","guid":{"rendered":"https:\/\/newskyvn.com\/?post_type=product&#038;p=1040"},"modified":"2021-09-24T02:38:06","modified_gmt":"2021-09-24T02:38:06","slug":"ohv200-f221-b15","status":"publish","type":"product","link":"https:\/\/newskyvn.com\/en\/product\/ohv200-f221-b15\/","title":{"rendered":"OHV200-F221-B15"},"content":{"rendered":"<p>&nbsp;<\/p>\n<p id=\"techdata\"><strong><span style=\"color: #0000ff;\">Datasheet excerpt: Technical data of\u00a0 OHV200-F221-B15<\/span><\/strong><\/p>\n<table class=\"standard enum\">\n<tbody>\n<tr>\n<th colspan=\"2\">Product Description<\/th>\n<\/tr>\n<tr>\n<td colspan=\"3\">Handheld reader with Bluetooth for all common 1-D and 2-D codes<\/td>\n<\/tr>\n<\/tbody>\n<\/table>\n<table class=\"standard enum\">\n<tbody>\n<tr>\n<th colspan=\"3\">General specifications<\/th>\n<\/tr>\n<tr>\n<td colspan=\"2\">Light type<\/td>\n<td>Integrated LED lightning (red)<\/td>\n<\/tr>\n<tr>\n<td colspan=\"2\">Readable codes<\/td>\n<td><b>1-D Codes:<\/b>\u00a0Codabar, Code 11, Code 32, Code 39, Code 93, Code 128, IATA 2 of 5, Interleaved 2 of 5, GS1 DataBar, Hong Kong 2 of 5, Matrix 2 of 5, MSI Plessey, NEC 2 of 5, Pharmacode, Plessey, Straight 2 of 5, Telepen, Trioptic, UPC\/EAN\/JAN<br \/>\n<b>Stacked 1-D Codes:<\/b>\u00a0GS1 Composite, MicroPDF, PDF417<br \/>\n<b>2-D Codes:<\/b>\u00a0Aztec Code, Code 49, Codablock F, Data Matrix, Han Xin, MaxiCode, Micro QR, QR Code<br \/>\n<b>Postal Codes:<\/b>\u00a0Australian Post, Intelligent Mail, Japan Post, KIX Code, Korea Post, Planet, Postnet, UK Royal Mail, UPU ID-tags<\/td>\n<\/tr>\n<tr>\n<td colspan=\"2\">Read distance<\/td>\n<td>40 &#8230; 310 mm depending on the code type<\/td>\n<\/tr>\n<tr>\n<td colspan=\"2\">Reading field<\/td>\n<td>max. 190 mm x 290 mm<\/td>\n<\/tr>\n<tr>\n<td colspan=\"2\">Modul size<\/td>\n<td>min. 0.1 mm<\/td>\n<\/tr>\n<tr>\n<td colspan=\"2\">Ambient light limit<\/td>\n<td>96890 Lux<\/td>\n<\/tr>\n<tr>\n<td colspan=\"2\">Target velocity<\/td>\n<td>Stop<\/td>\n<\/tr>\n<tr>\n<th colspan=\"3\">Nominal ratings<\/th>\n<\/tr>\n<tr>\n<td colspan=\"2\">Camera<\/td>\n<td><\/td>\n<\/tr>\n<tr>\n<td><\/td>\n<td>Type<\/td>\n<td class=\"subattribute\">CMOS<\/td>\n<\/tr>\n<tr>\n<td><\/td>\n<td>Number of pixels<\/td>\n<td class=\"subattribute\">1280\u00a0x\u00a0960<\/td>\n<\/tr>\n<tr>\n<td><\/td>\n<td>Image recording<\/td>\n<td class=\"subattribute\">real-time , manually triggered<\/td>\n<\/tr>\n<tr>\n<th colspan=\"3\">Indicators\/operating means<\/th>\n<\/tr>\n<tr>\n<td colspan=\"2\">Function indicator<\/td>\n<td>3 LEDs<\/td>\n<\/tr>\n<tr>\n<td colspan=\"2\">Key<\/td>\n<td>3 programmable function keys<\/td>\n<\/tr>\n<tr>\n<th colspan=\"3\">Electrical specifications<\/th>\n<\/tr>\n<tr>\n<td colspan=\"2\">Supply<\/td>\n<td>from Li-Ion battery<\/td>\n<\/tr>\n<tr>\n<th colspan=\"3\">Interface<\/th>\n<\/tr>\n<tr>\n<td colspan=\"2\">Physical<\/td>\n<td>Bluetooth (Class II) , USB 2.0<\/td>\n<\/tr>\n<tr>\n<td colspan=\"2\">Transmitter frequency<\/td>\n<td>2402 &#8230; 2480 MHz (Bluetooth)<\/td>\n<\/tr>\n<tr>\n<td colspan=\"2\">Transmitter radiated power<\/td>\n<td>0.002 W<\/td>\n<\/tr>\n<tr>\n<th colspan=\"3\">Compliance with standards and directives<\/th>\n<\/tr>\n<tr>\n<td colspan=\"2\">Standard conformity<\/td>\n<td><\/td>\n<\/tr>\n<tr>\n<td><\/td>\n<td>Electromagnetic compatibility<\/td>\n<td class=\"subattribute\">ETSI EN 301489-1:V1.9.2<br \/>\nETSI EN 301489-17:V2.2.1<br \/>\nEN 61000-6-1:2007<br \/>\nEN 61000-6-2:2005\/AC:2005<br \/>\nEN 61000-6-3:2007\/A1:2011\/AC:2012<br \/>\nEN 61000-6-4:2007\/A1:2011<\/td>\n<\/tr>\n<tr>\n<td><\/td>\n<td>Safety<\/td>\n<td class=\"subattribute\">EN 60950-1:2006\/A11:2009\/A1:2010\/A12:2011\/AC:2011<br \/>\nEN 62311:2008<\/td>\n<\/tr>\n<tr>\n<td><\/td>\n<td>Radio spectrum<\/td>\n<td class=\"subattribute\">ETSI EN 300328:V1.8.1<\/td>\n<\/tr>\n<tr>\n<td><\/td>\n<td>Standards<\/td>\n<td class=\"subattribute\">EN 50581:2012<\/td>\n<\/tr>\n<tr>\n<th colspan=\"3\">Approvals and certificates<\/th>\n<\/tr>\n<tr>\n<td colspan=\"2\">FCC approval<\/td>\n<td>FCC ID: QQ6-BTR11<\/td>\n<\/tr>\n<tr>\n<th colspan=\"3\">Ambient conditions<\/th>\n<\/tr>\n<tr>\n<td colspan=\"2\">Ambient temperature<\/td>\n<td>-20 &#8230; 55 \u00b0C (-4 &#8230; 131 \u00b0F)<\/td>\n<\/tr>\n<tr>\n<td colspan=\"2\">Storage temperature<\/td>\n<td>-30 &#8230; 65 \u00b0C (-22 &#8230; 149 \u00b0F)<\/td>\n<\/tr>\n<tr>\n<td colspan=\"2\">Relative humidity<\/td>\n<td>5 &#8230; 95 % non-condensing<\/td>\n<\/tr>\n<tr>\n<td colspan=\"2\">Shock and impact resistance<\/td>\n<td>Withstands multible drops from 1.8 m \/ 6 ft onto a concrete surface<\/td>\n<\/tr>\n<tr>\n<th colspan=\"3\">Mechanical specifications<\/th>\n<\/tr>\n<tr>\n<td colspan=\"2\">Degree of protection<\/td>\n<td>IP65<\/td>\n<\/tr>\n<tr>\n<td colspan=\"2\">Material<\/td>\n<td><\/td>\n<\/tr>\n<tr>\n<td><\/td>\n<td>Housing<\/td>\n<td class=\"subattribute\">plastic<\/td>\n<\/tr>\n<tr>\n<td colspan=\"2\">Mass<\/td>\n<td>219 g (incl. battery)<\/td>\n<\/tr>\n<tr>\n<td colspan=\"2\">Dimensions<\/td>\n<td>130 mm x 51 mm x 135 mm (l x w x h)<\/td>\n<\/tr>\n<tr>\n<th colspan=\"3\">General information<\/th>\n<\/tr>\n<tr>\n<td colspan=\"2\">Scope of delivery<\/td>\n<td>Handheld reader + Lithium ion battery, 1300\u00a0mAh<\/td>\n<\/tr>\n<\/tbody>\n<\/table>\n<p>&nbsp;<\/p>\n<p><strong><span style=\"color: #0000ff;\">Classifications<\/span><\/strong><\/p>\n<table class=\"standard enum\">\n<tbody>\n<tr>\n<th>System<\/th>\n<th>Classcode<\/th>\n<\/tr>\n<tr>\n<td>ECLASS 11.0<\/td>\n<td>27280101<\/td>\n<\/tr>\n<tr>\n<td>ECLASS 10.0.1<\/td>\n<td>27280101<\/td>\n<\/tr>\n<tr>\n<td>ECLASS 9.0<\/td>\n<td>27280101<\/td>\n<\/tr>\n<tr>\n<td>ECLASS 8.0<\/td>\n<td>27280101<\/td>\n<\/tr>\n<tr>\n<td>ECLASS 5.1<\/td>\n<td>27280101<\/td>\n<\/tr>\n<tr>\n<td>ETIM 8.0<\/td>\n<td>EC002999<\/td>\n<\/tr>\n<tr>\n<td>ETIM 7.0<\/td>\n<td>EC002999<\/td>\n<\/tr>\n<tr>\n<td>ETIM 6.0<\/td>\n<td>EC002999<\/td>\n<\/tr>\n<tr>\n<td>UNSPSC 12.1<\/td>\n<td>43211701<\/td>\n<\/tr>\n<\/tbody>\n<\/table>\n<p><\/p>","protected":false},"excerpt":{"rendered":"<ul id=\"productfeatures\">\n<li>All common 1-D or 2-D codes can be read<\/li>\n<li>Wireless Bluetooth connection<\/li>\n<li>Dual lens for large read range<\/li>\n<li>Reads from reflective surfaces<\/li>\n<li>Programmable with JavaScript<\/li>\n<li>Batch mode for collecting data on the handheld<\/li>\n<li>Audible, tactile, and visual user feedback<\/li>\n<li>Replaceable battery with status indicator<\/li>\n<li>Degree of protection IP65<\/li>\n<\/ul>\n","protected":false},"featured_media":1042,"comment_status":"open","ping_status":"closed","template":"","meta":[],"product_cat":[29,50,62,64],"product_tag":[],"yoast_head":"<!-- This site is optimized with the Yoast SEO plugin v16.6.1 - https:\/\/yoast.com\/wordpress\/plugins\/seo\/ -->\n<title>OHV200-F221-B15 - NEW SKY CO.,LTD<\/title>\n<meta name=\"robots\" content=\"index, follow, max-snippet:-1, max-image-preview:large, max-video-preview:-1\" \/>\n<link rel=\"canonical\" href=\"https:\/\/newskyvn.com\/product\/ohv200-f221-b15\/\" \/>\n<meta property=\"og:locale\" content=\"en_US\" \/>\n<meta property=\"og:type\" content=\"article\" \/>\n<meta property=\"og:title\" content=\"OHV200-F221-B15 - NEW SKY CO.,LTD\" \/>\n<meta property=\"og:description\" content=\"[:vi]  \u0110\u1ea7u \u0111\u1ecdc c\u1ea7m tay  T\u1ea5t c\u1ea3 c\u00e1c m\u00e3 1-D ho\u1eb7c 2-D ph\u1ed5 bi\u1ebfn c\u00f3 th\u1ec3 \u0111\u01b0\u1ee3c \u0111\u1ecdc  K\u1ebft n\u1ed1i Bluetooth kh\u00f4ng d\u00e2y  \u1ed0ng k\u00ednh k\u00e9p cho ph\u1ea1m vi \u0111\u1ecdc l\u1edbn  \u0110\u1ecdc t\u1eeb b\u1ec1 m\u1eb7t ph\u1ea3n chi\u1ebfu  C\u00f3 th\u1ec3 l\u1eadp tr\u00ecnh v\u1edbi JavaScript  Ch\u1ebf \u0111\u1ed9 h\u00e0ng lo\u1ea1t \u0111\u1ec3 thu th\u1eadp d\u1eef li\u1ec7u tr\u00ean thi\u1ebft b\u1ecb c\u1ea7m tay  Ph\u1ea3n h\u1ed3i c\u1ee7a ng\u01b0\u1eddi d\u00f9ng b\u1eb1ng \u00e2m thanh, x\u00fac gi\u00e1c v\u00e0 h\u00ecnh \u1ea3nh  Pin c\u00f3 th\u1ec3 thay th\u1ebf v\u1edbi ch\u1ec9 b\u00e1o tr\u1ea1ng th\u00e1i  M\u1ee9c \u0111\u1ed9 b\u1ea3o v\u1ec7 IP65 [:en]  All common 1-D or 2-D codes can be read  Wireless Bluetooth connection  Dual lens for large read range  Reads from reflective surfaces  Programmable with JavaScript  Batch mode for collecting data on the handheld  Audible, tactile, and visual user feedback  Replaceable battery with status indicator  Degree of protection IP65 [:]\" \/>\n<meta property=\"og:url\" content=\"https:\/\/newskyvn.com\/product\/ohv200-f221-b15\/\" \/>\n<meta property=\"og:site_name\" content=\"NEW SKY CO.,LTD\" \/>\n<meta property=\"article:modified_time\" content=\"2021-09-24T02:38:06+00:00\" \/>\n<meta property=\"og:image\" content=\"https:\/\/newskyvn.com\/wp-content\/uploads\/2021\/09\/OHV200.jpg\" \/>\n\t<meta property=\"og:image:width\" content=\"500\" \/>\n\t<meta property=\"og:image:height\" content=\"500\" \/>\n<meta name=\"twitter:card\" content=\"summary_large_image\" \/>\n<meta name=\"twitter:label1\" content=\"Est. reading time\" \/>\n\t<meta name=\"twitter:data1\" content=\"2 minutes\" \/>\n<script type=\"application\/ld+json\" class=\"yoast-schema-graph\">{\"@context\":\"https:\/\/schema.org\",\"@graph\":[{\"@type\":\"WebSite\",\"@id\":\"https:\/\/newskyvn.com\/#website\",\"url\":\"https:\/\/newskyvn.com\/\",\"name\":\"NEW SKY CO.,LTD\",\"description\":\"C\\u00f4ng Ty TNHH S\\u1ea3n Xu\\u1ea5t Th\\u01b0\\u01a1ng M\\u1ea1i D\\u1ecbch V\\u1ee5 T\\u00e2n Thi\\u00ean\",\"potentialAction\":[{\"@type\":\"SearchAction\",\"target\":{\"@type\":\"EntryPoint\",\"urlTemplate\":\"https:\/\/newskyvn.com\/?s={search_term_string}\"},\"query-input\":\"required name=search_term_string\"}],\"inLanguage\":\"en-US\"},{\"@type\":\"ImageObject\",\"@id\":\"https:\/\/newskyvn.com\/product\/ohv200-f221-b15\/#primaryimage\",\"inLanguage\":\"en-US\",\"url\":\"https:\/\/newskyvn.com\/wp-content\/uploads\/2021\/09\/OHV200.jpg\",\"contentUrl\":\"https:\/\/newskyvn.com\/wp-content\/uploads\/2021\/09\/OHV200.jpg\",\"width\":500,\"height\":500},{\"@type\":\"WebPage\",\"@id\":\"https:\/\/newskyvn.com\/product\/ohv200-f221-b15\/#webpage\",\"url\":\"https:\/\/newskyvn.com\/product\/ohv200-f221-b15\/\",\"name\":\"OHV200-F221-B15 - NEW SKY CO.,LTD\",\"isPartOf\":{\"@id\":\"https:\/\/newskyvn.com\/#website\"},\"primaryImageOfPage\":{\"@id\":\"https:\/\/newskyvn.com\/product\/ohv200-f221-b15\/#primaryimage\"},\"datePublished\":\"2021-08-12T08:49:50+00:00\",\"dateModified\":\"2021-09-24T02:38:06+00:00\",\"breadcrumb\":{\"@id\":\"https:\/\/newskyvn.com\/product\/ohv200-f221-b15\/#breadcrumb\"},\"inLanguage\":\"en-US\",\"potentialAction\":[{\"@type\":\"ReadAction\",\"target\":[\"https:\/\/newskyvn.com\/product\/ohv200-f221-b15\/\"]}]},{\"@type\":\"BreadcrumbList\",\"@id\":\"https:\/\/newskyvn.com\/product\/ohv200-f221-b15\/#breadcrumb\",\"itemListElement\":[{\"@type\":\"ListItem\",\"position\":1,\"name\":\"Product\",\"item\":\"https:\/\/newskyvn.com\/en\/san-pham\/\"},{\"@type\":\"ListItem\",\"position\":2,\"name\":\"OHV200-F221-B15\"}]}]}<\/script>\n<!-- \/ Yoast SEO plugin. -->","_links":{"self":[{"href":"https:\/\/newskyvn.com\/en\/wp-json\/wp\/v2\/product\/1040"}],"collection":[{"href":"https:\/\/newskyvn.com\/en\/wp-json\/wp\/v2\/product"}],"about":[{"href":"https:\/\/newskyvn.com\/en\/wp-json\/wp\/v2\/types\/product"}],"replies":[{"embeddable":true,"href":"https:\/\/newskyvn.com\/en\/wp-json\/wp\/v2\/comments?post=1040"}],"wp:featuredmedia":[{"embeddable":true,"href":"https:\/\/newskyvn.com\/en\/wp-json\/wp\/v2\/media\/1042"}],"wp:attachment":[{"href":"https:\/\/newskyvn.com\/en\/wp-json\/wp\/v2\/media?parent=1040"}],"wp:term":[{"taxonomy":"product_cat","embeddable":true,"href":"https:\/\/newskyvn.com\/en\/wp-json\/wp\/v2\/product_cat?post=1040"},{"taxonomy":"product_tag","embeddable":true,"href":"https:\/\/newskyvn.com\/en\/wp-json\/wp\/v2\/product_tag?post=1040"}],"curies":[{"name":"wp","href":"https:\/\/api.w.org\/{rel}","templated":true}]}}