{"id":1037,"date":"2021-09-12T08:40:40","date_gmt":"2021-09-12T08:40:40","guid":{"rendered":"https:\/\/newskyvn.com\/?post_type=product&#038;p=1037"},"modified":"2021-09-24T02:38:37","modified_gmt":"2021-09-24T02:38:37","slug":"ohv1000-f223-r2","status":"publish","type":"product","link":"https:\/\/newskyvn.com\/en\/product\/ohv1000-f223-r2\/","title":{"rendered":"OHV1000-F223-R2"},"content":{"rendered":"<p>&nbsp;<\/p>\n<p id=\"techdata\"><strong><span style=\"color: #0000ff;\">Datasheet excerpt: Technical data of\u00a0 OHV1000-F223-R2<\/span><\/strong><\/p>\n<table class=\"standard enum\">\n<tbody>\n<tr>\n<th colspan=\"2\">Product Description<\/th>\n<\/tr>\n<tr>\n<td colspan=\"3\">Handheld reader for reading lasered, punched or printed 1-D and 2-D codes<\/td>\n<\/tr>\n<\/tbody>\n<\/table>\n<table class=\"standard enum\">\n<tbody>\n<tr>\n<th colspan=\"3\">General specifications<\/th>\n<\/tr>\n<tr>\n<td colspan=\"2\">Readable codes<\/td>\n<td><b>1-D Codes:<\/b>\u00a0Codabar, Code 11, Code 32, Code 39, Code 93, Code 128, IATA 2 of 5, Interleaved 2 of 5, GS1 DataBar, Hong Kong 2 of 5, Matrix 2 of 5, MSI Plessey, NEC 2 of 5, Pharmacode, Plessey, Straight 2 of 5, Telepen, Trioptic, UPC\/EAN\/JAN<br \/>\n<b>Stacked 1-D Codes:<\/b>\u00a0GS1 Composite, MicroPDF, PDF417<br \/>\n<b>2-D Codes:<\/b>\u00a0Aztec Code, Code 49, Codablock F, Data Matrix, Han Xin, MaxiCode, Micro QR, QR Code<br \/>\n<b>Postal Codes:<\/b>\u00a0Australian Post, Intelligent Mail, Japan Post, KIX Code, Korea Post, Planet, Postnet, UK Royal Mail, UPU ID-tags<\/td>\n<\/tr>\n<tr>\n<td colspan=\"2\">Read distance<\/td>\n<td>0 &#8230; 200 mm depending on the code type and reading mode<\/td>\n<\/tr>\n<tr>\n<td colspan=\"2\">Modul size<\/td>\n<td>min. 0.1 mm<\/td>\n<\/tr>\n<tr>\n<th colspan=\"3\">Indicators\/operating means<\/th>\n<\/tr>\n<tr>\n<td colspan=\"2\">Function indicator<\/td>\n<td>LED green: Data carrier read<\/td>\n<\/tr>\n<tr>\n<th colspan=\"3\">Electrical specifications<\/th>\n<\/tr>\n<tr>\n<td colspan=\"2\">Supply<\/td>\n<td>via cable<\/td>\n<\/tr>\n<tr>\n<th colspan=\"3\">Interface<\/th>\n<\/tr>\n<tr>\n<td colspan=\"2\">Physical<\/td>\n<td>USB 2.0 , RS-232<\/td>\n<\/tr>\n<tr>\n<th colspan=\"3\">Ambient conditions<\/th>\n<\/tr>\n<tr>\n<td colspan=\"2\">Ambient temperature<\/td>\n<td>-20 &#8230; 55 \u00b0C (-4 &#8230; 131 \u00b0F)<\/td>\n<\/tr>\n<tr>\n<td colspan=\"2\">Storage temperature<\/td>\n<td>-30 &#8230; 65 \u00b0C (-22 &#8230; 149 \u00b0F)<\/td>\n<\/tr>\n<tr>\n<td colspan=\"2\">Shock and impact resistance<\/td>\n<td>Withstands multible drops from 1.8 m \/ 6 ft onto a concrete surface<\/td>\n<\/tr>\n<tr>\n<th colspan=\"3\">Mechanical specifications<\/th>\n<\/tr>\n<tr>\n<td colspan=\"2\">Degree of protection<\/td>\n<td>IP54<\/td>\n<\/tr>\n<tr>\n<td colspan=\"2\">Connection<\/td>\n<td>System connector for connecting cable<\/td>\n<\/tr>\n<tr>\n<td colspan=\"2\">Material<\/td>\n<td><\/td>\n<\/tr>\n<tr>\n<td><\/td>\n<td>Housing<\/td>\n<td class=\"subattribute\">plastic<\/td>\n<\/tr>\n<tr>\n<td colspan=\"2\">Mass<\/td>\n<td>130 g<\/td>\n<\/tr>\n<tr>\n<td colspan=\"2\">Dimensions<\/td>\n<td>93 mm x 53 mm x 151 mm (l x w x h)<\/td>\n<\/tr>\n<\/tbody>\n<\/table>\n<p>&nbsp;<\/p>\n<p><span style=\"color: #0000ff;\"><strong>Classifications<\/strong><\/span><\/p>\n<table class=\"standard enum\">\n<tbody>\n<tr>\n<th>System<\/th>\n<th>Classcode<\/th>\n<\/tr>\n<tr>\n<td>ECLASS 11.0<\/td>\n<td>27280101<\/td>\n<\/tr>\n<tr>\n<td>ECLASS 10.0.1<\/td>\n<td>27280101<\/td>\n<\/tr>\n<tr>\n<td>ECLASS 9.0<\/td>\n<td>27280101<\/td>\n<\/tr>\n<tr>\n<td>ECLASS 8.0<\/td>\n<td>27280101<\/td>\n<\/tr>\n<tr>\n<td>ECLASS 5.1<\/td>\n<td>27280101<\/td>\n<\/tr>\n<tr>\n<td>ETIM 8.0<\/td>\n<td>EC002999<\/td>\n<\/tr>\n<tr>\n<td>ETIM 7.0<\/td>\n<td>EC002999<\/td>\n<\/tr>\n<tr>\n<td>ETIM 6.0<\/td>\n<td>EC002999<\/td>\n<\/tr>\n<tr>\n<td>UNSPSC 12.1<\/td>\n<td>43211701<\/td>\n<\/tr>\n<\/tbody>\n<\/table>\n<p><\/p>","protected":false},"excerpt":{"rendered":"<ul id=\"productfeatures\">\n<li>All common 1-D or 2-D codes can be read<\/li>\n<li>Dual lens for large read range<\/li>\n<li>Reading of laser-engraved, etched, or printed codes<\/li>\n<li>Reads from reflective surfaces<\/li>\n<li>Programmable with JavaScript<\/li>\n<li>Audible, tactile, and visual user feedback<\/li>\n<li>Degree of protection IP54<\/li>\n<\/ul>\n","protected":false},"featured_media":1039,"comment_status":"open","ping_status":"closed","template":"","meta":[],"product_cat":[29,50,62,64],"product_tag":[],"yoast_head":"<!-- This site is optimized with the Yoast SEO plugin v16.6.1 - https:\/\/yoast.com\/wordpress\/plugins\/seo\/ -->\n<title>OHV1000-F223-R2 - NEW SKY CO.,LTD<\/title>\n<meta name=\"robots\" content=\"index, follow, max-snippet:-1, max-image-preview:large, max-video-preview:-1\" \/>\n<link rel=\"canonical\" href=\"https:\/\/newskyvn.com\/product\/ohv1000-f223-r2\/\" \/>\n<meta property=\"og:locale\" content=\"en_US\" \/>\n<meta property=\"og:type\" content=\"article\" \/>\n<meta property=\"og:title\" content=\"OHV1000-F223-R2 - NEW SKY CO.,LTD\" \/>\n<meta property=\"og:description\" content=\"[:vi]  \u0110\u1ea7u \u0111\u1ecdc c\u1ea7m tay  T\u1ea5t c\u1ea3 c\u00e1c m\u00e3 1-D ho\u1eb7c 2-D ph\u1ed5 bi\u1ebfn c\u00f3 th\u1ec3 \u0111\u01b0\u1ee3c \u0111\u1ecdc  \u1ed0ng k\u00ednh k\u00e9p cho ph\u1ea1m vi \u0111\u1ecdc l\u1edbn  \u0110\u1ecdc c\u00e1c m\u00e3 \u0111\u01b0\u1ee3c kh\u1eafc laser, kh\u1eafc ho\u1eb7c in  \u0110\u1ecdc t\u1eeb b\u1ec1 m\u1eb7t ph\u1ea3n chi\u1ebfu  C\u00f3 th\u1ec3 l\u1eadp tr\u00ecnh v\u1edbi JavaScript  Ph\u1ea3n h\u1ed3i c\u1ee7a ng\u01b0\u1eddi d\u00f9ng b\u1eb1ng \u00e2m thanh, x\u00fac gi\u00e1c v\u00e0 h\u00ecnh \u1ea3nh  M\u1ee9c \u0111\u1ed9 b\u1ea3o v\u1ec7 IP54 [:en]  All common 1-D or 2-D codes can be read  Dual lens for large read range  Reading of laser-engraved, etched, or printed codes  Reads from reflective surfaces  Programmable with JavaScript  Audible, tactile, and visual user feedback  Degree of protection IP54 [:]\" \/>\n<meta property=\"og:url\" content=\"https:\/\/newskyvn.com\/product\/ohv1000-f223-r2\/\" \/>\n<meta property=\"og:site_name\" content=\"NEW SKY CO.,LTD\" \/>\n<meta property=\"article:modified_time\" content=\"2021-09-24T02:38:37+00:00\" \/>\n<meta property=\"og:image\" content=\"https:\/\/newskyvn.com\/wp-content\/uploads\/2021\/09\/OHV1000.jpg\" \/>\n\t<meta property=\"og:image:width\" content=\"500\" \/>\n\t<meta property=\"og:image:height\" content=\"500\" \/>\n<meta name=\"twitter:card\" content=\"summary_large_image\" \/>\n<meta name=\"twitter:label1\" content=\"Est. reading time\" \/>\n\t<meta name=\"twitter:data1\" content=\"2 minutes\" \/>\n<script type=\"application\/ld+json\" class=\"yoast-schema-graph\">{\"@context\":\"https:\/\/schema.org\",\"@graph\":[{\"@type\":\"WebSite\",\"@id\":\"https:\/\/newskyvn.com\/#website\",\"url\":\"https:\/\/newskyvn.com\/\",\"name\":\"NEW SKY CO.,LTD\",\"description\":\"C\\u00f4ng Ty TNHH S\\u1ea3n Xu\\u1ea5t Th\\u01b0\\u01a1ng M\\u1ea1i D\\u1ecbch V\\u1ee5 T\\u00e2n Thi\\u00ean\",\"potentialAction\":[{\"@type\":\"SearchAction\",\"target\":{\"@type\":\"EntryPoint\",\"urlTemplate\":\"https:\/\/newskyvn.com\/?s={search_term_string}\"},\"query-input\":\"required name=search_term_string\"}],\"inLanguage\":\"en-US\"},{\"@type\":\"ImageObject\",\"@id\":\"https:\/\/newskyvn.com\/product\/ohv1000-f223-r2\/#primaryimage\",\"inLanguage\":\"en-US\",\"url\":\"https:\/\/newskyvn.com\/wp-content\/uploads\/2021\/09\/OHV1000.jpg\",\"contentUrl\":\"https:\/\/newskyvn.com\/wp-content\/uploads\/2021\/09\/OHV1000.jpg\",\"width\":500,\"height\":500},{\"@type\":\"WebPage\",\"@id\":\"https:\/\/newskyvn.com\/product\/ohv1000-f223-r2\/#webpage\",\"url\":\"https:\/\/newskyvn.com\/product\/ohv1000-f223-r2\/\",\"name\":\"OHV1000-F223-R2 - NEW SKY CO.,LTD\",\"isPartOf\":{\"@id\":\"https:\/\/newskyvn.com\/#website\"},\"primaryImageOfPage\":{\"@id\":\"https:\/\/newskyvn.com\/product\/ohv1000-f223-r2\/#primaryimage\"},\"datePublished\":\"2021-09-12T08:40:40+00:00\",\"dateModified\":\"2021-09-24T02:38:37+00:00\",\"breadcrumb\":{\"@id\":\"https:\/\/newskyvn.com\/product\/ohv1000-f223-r2\/#breadcrumb\"},\"inLanguage\":\"en-US\",\"potentialAction\":[{\"@type\":\"ReadAction\",\"target\":[\"https:\/\/newskyvn.com\/product\/ohv1000-f223-r2\/\"]}]},{\"@type\":\"BreadcrumbList\",\"@id\":\"https:\/\/newskyvn.com\/product\/ohv1000-f223-r2\/#breadcrumb\",\"itemListElement\":[{\"@type\":\"ListItem\",\"position\":1,\"name\":\"Product\",\"item\":\"https:\/\/newskyvn.com\/en\/san-pham\/\"},{\"@type\":\"ListItem\",\"position\":2,\"name\":\"OHV1000-F223-R2\"}]}]}<\/script>\n<!-- \/ Yoast SEO plugin. -->","_links":{"self":[{"href":"https:\/\/newskyvn.com\/en\/wp-json\/wp\/v2\/product\/1037"}],"collection":[{"href":"https:\/\/newskyvn.com\/en\/wp-json\/wp\/v2\/product"}],"about":[{"href":"https:\/\/newskyvn.com\/en\/wp-json\/wp\/v2\/types\/product"}],"replies":[{"embeddable":true,"href":"https:\/\/newskyvn.com\/en\/wp-json\/wp\/v2\/comments?post=1037"}],"wp:featuredmedia":[{"embeddable":true,"href":"https:\/\/newskyvn.com\/en\/wp-json\/wp\/v2\/media\/1039"}],"wp:attachment":[{"href":"https:\/\/newskyvn.com\/en\/wp-json\/wp\/v2\/media?parent=1037"}],"wp:term":[{"taxonomy":"product_cat","embeddable":true,"href":"https:\/\/newskyvn.com\/en\/wp-json\/wp\/v2\/product_cat?post=1037"},{"taxonomy":"product_tag","embeddable":true,"href":"https:\/\/newskyvn.com\/en\/wp-json\/wp\/v2\/product_tag?post=1037"}],"curies":[{"name":"wp","href":"https:\/\/api.w.org\/{rel}","templated":true}]}}