{"id":1025,"date":"2021-09-12T08:08:48","date_gmt":"2021-09-12T08:08:48","guid":{"rendered":"https:\/\/newskyvn.com\/?post_type=product&#038;p=1025"},"modified":"2021-09-16T04:24:41","modified_gmt":"2021-09-16T04:24:41","slug":"pxv100-f200-r4-v19-ex","status":"publish","type":"product","link":"https:\/\/newskyvn.com\/en\/product\/pxv100-f200-r4-v19-ex\/","title":{"rendered":"PXV100-F200-R4-V19-Ex"},"content":{"rendered":"<p>&nbsp;<\/p>\n<p id=\"techdata\"><strong><span style=\"color: #0000ff;\">Datasheet excerpt: Technical data of\u00a0 PXV100-F200-R4-V19-Ex<\/span><\/strong><\/p>\n<table class=\"standard enum\">\n<tbody>\n<tr>\n<th colspan=\"2\">Product Description<\/th>\n<\/tr>\n<tr>\n<td colspan=\"3\">Optical reading head for hazardous area<\/td>\n<\/tr>\n<\/tbody>\n<\/table>\n<table class=\"standard enum\">\n<tbody>\n<tr>\n<th colspan=\"3\">General specifications<\/th>\n<\/tr>\n<tr>\n<td colspan=\"2\">Passage speed<\/td>\n<td>\u2264 8 m\/s<\/td>\n<\/tr>\n<tr>\n<td colspan=\"2\">Measuring range<\/td>\n<td>max. 10000 m<\/td>\n<\/tr>\n<tr>\n<td colspan=\"2\">Light type<\/td>\n<td>Integrated LED lightning (red)<\/td>\n<\/tr>\n<tr>\n<td colspan=\"2\">Scan rate<\/td>\n<td>40 s<sup>-1<\/sup><\/td>\n<\/tr>\n<tr>\n<td colspan=\"2\">Read distance<\/td>\n<td>90mm (from outer housing window)<\/td>\n<\/tr>\n<tr>\n<td colspan=\"2\">Depth of focus<\/td>\n<td>\u00b1 50 mm<\/td>\n<\/tr>\n<tr>\n<td colspan=\"2\">Reading field<\/td>\n<td>115 mm x 73 mm<\/td>\n<\/tr>\n<tr>\n<td colspan=\"2\">Ambient light limit<\/td>\n<td>100000 Lux<\/td>\n<\/tr>\n<tr>\n<td colspan=\"2\">Accuracy<\/td>\n<td>\u00b1 0.2 mm<\/td>\n<\/tr>\n<tr>\n<th colspan=\"3\">Nominal ratings<\/th>\n<\/tr>\n<tr>\n<td colspan=\"2\">Camera<\/td>\n<td><\/td>\n<\/tr>\n<tr>\n<td><\/td>\n<td>Type<\/td>\n<td class=\"subattribute\">CMOS , Global shutter<\/td>\n<\/tr>\n<tr>\n<td colspan=\"2\">Processor<\/td>\n<td><\/td>\n<\/tr>\n<tr>\n<td><\/td>\n<td>Clock pulse frequency<\/td>\n<td class=\"subattribute\">600 MHz<\/td>\n<\/tr>\n<tr>\n<td><\/td>\n<td>Speed of computation<\/td>\n<td class=\"subattribute\">4800 MIPS<\/td>\n<\/tr>\n<tr>\n<th colspan=\"3\">Functional safety related parameters<\/th>\n<\/tr>\n<tr>\n<td colspan=\"2\">MTTF<sub>d<\/sub><\/td>\n<td>100 a<\/td>\n<\/tr>\n<tr>\n<td colspan=\"2\">Mission Time (T<sub>M<\/sub>)<\/td>\n<td>20 a<\/td>\n<\/tr>\n<tr>\n<td colspan=\"2\">Diagnostic Coverage (DC)<\/td>\n<td>0 %<\/td>\n<\/tr>\n<tr>\n<th colspan=\"3\">Indicators\/operating means<\/th>\n<\/tr>\n<tr>\n<td colspan=\"2\">LED indication<\/td>\n<td>7 LEDs (communication, alignment aid, status information)<\/td>\n<\/tr>\n<tr>\n<th colspan=\"3\">Electrical specifications<\/th>\n<\/tr>\n<tr>\n<td colspan=\"2\">Operating voltage<\/td>\n<td>15 &#8230; 30 V DC , PELV<\/td>\n<\/tr>\n<tr>\n<td colspan=\"2\">No-load supply current<\/td>\n<td>max. 200 mA<\/td>\n<\/tr>\n<tr>\n<td colspan=\"2\">Power consumption<\/td>\n<td>3 W<\/td>\n<\/tr>\n<tr>\n<th colspan=\"3\">Interface<\/th>\n<\/tr>\n<tr>\n<td colspan=\"2\">Interface type<\/td>\n<td>RS 485 interface<\/td>\n<\/tr>\n<tr>\n<td colspan=\"2\">Data output code<\/td>\n<td>binary code<\/td>\n<\/tr>\n<tr>\n<td colspan=\"2\">Transfer rate<\/td>\n<td>38400 &#8230; 230400 Bit\/s<\/td>\n<\/tr>\n<tr>\n<td colspan=\"2\">Termination<\/td>\n<td>Switchable terminal resistor<\/td>\n<\/tr>\n<tr>\n<td colspan=\"2\">Query cycle time<\/td>\n<td>\u2265 10 ms<\/td>\n<\/tr>\n<tr>\n<th colspan=\"3\">Interface 2<\/th>\n<\/tr>\n<tr>\n<td colspan=\"2\">Interface type<\/td>\n<td>USB Service<\/td>\n<\/tr>\n<tr>\n<th colspan=\"3\">Input<\/th>\n<\/tr>\n<tr>\n<td colspan=\"2\">Input type<\/td>\n<td>1 to 3 functional inputs , programmable<\/td>\n<\/tr>\n<tr>\n<td colspan=\"2\">Input impedance<\/td>\n<td>\u2265 27 k\u03a9<\/td>\n<\/tr>\n<tr>\n<th colspan=\"3\">Output<\/th>\n<\/tr>\n<tr>\n<td colspan=\"2\">Output type<\/td>\n<td>1 to 3 switch outputs , PNP , programmable , short-circuit protected<\/td>\n<\/tr>\n<tr>\n<td colspan=\"2\">Switching voltage<\/td>\n<td>Operating voltage<\/td>\n<\/tr>\n<tr>\n<td colspan=\"2\">Switching current<\/td>\n<td>150 mA each output<\/td>\n<\/tr>\n<tr>\n<th colspan=\"3\">Standard conformity<\/th>\n<\/tr>\n<tr>\n<td colspan=\"2\">Emitted interference<\/td>\n<td>EN\u00a061000-6-4:2007+A1:2011<\/td>\n<\/tr>\n<tr>\n<td colspan=\"2\">Noise immunity<\/td>\n<td>EN 61000-6-2:2005<\/td>\n<\/tr>\n<tr>\n<th colspan=\"3\">Approvals and certificates<\/th>\n<\/tr>\n<tr>\n<td colspan=\"2\">IECEx approval<\/td>\n<td>IECEx INE 14.0042X<\/td>\n<\/tr>\n<tr>\n<td colspan=\"2\">ATEX approval<\/td>\n<td>INERIS 14 ATEX 0035X<br \/>\nDevice type: GUBW1.D.OS-PXV100-F200-R4-V19<\/td>\n<\/tr>\n<tr>\n<td><\/td>\n<td>Marking<\/td>\n<td class=\"subattribute\"><img src=\"https:\/\/www.pepperl-fuchs.com\/web_img\/a100038a.jpg\" alt=\"Ex-Hexagon\" \/>\u00a0II 2 GD<br \/>\nEx db IIC T6 Gb<br \/>\nEx tb IIIC T85\u00b0C Db<\/td>\n<\/tr>\n<tr>\n<th colspan=\"3\">Ambient conditions<\/th>\n<\/tr>\n<tr>\n<td colspan=\"2\">Ambient temperature<\/td>\n<td>0 &#8230; 55 \u00b0C (32 &#8230; 131 \u00b0F)<\/td>\n<\/tr>\n<tr>\n<th colspan=\"3\">Mechanical specifications<\/th>\n<\/tr>\n<tr>\n<td colspan=\"2\">Connection type<\/td>\n<td>Connection terminals, max. conductor cross-section 2.5 mm<sup>2<\/sup><\/td>\n<\/tr>\n<tr>\n<td colspan=\"2\">Conductor cross section<\/td>\n<td>0.13 &#8230; 2.5 mm<sup>2<\/sup><\/td>\n<\/tr>\n<tr>\n<td colspan=\"2\">Cable gland<\/td>\n<td>3 &#8230; 8.5 mm<\/td>\n<\/tr>\n<tr>\n<td colspan=\"2\">Enclosure cover<\/td>\n<td>threaded round cover<\/td>\n<\/tr>\n<tr>\n<td colspan=\"2\">Cover fixing<\/td>\n<td>flamepath thread<\/td>\n<\/tr>\n<tr>\n<td colspan=\"2\">Cover seal<\/td>\n<td>none, O-ring for IP66\/67<\/td>\n<\/tr>\n<tr>\n<td colspan=\"2\">Housing width<\/td>\n<td>202 mm<\/td>\n<\/tr>\n<tr>\n<td colspan=\"2\">Housing height<\/td>\n<td>279 mm<\/td>\n<\/tr>\n<tr>\n<td colspan=\"2\">Housing depth<\/td>\n<td>134 mm<\/td>\n<\/tr>\n<tr>\n<td colspan=\"2\">Degree of protection<\/td>\n<td>IP66 (IP66\/67 with O-ring)<\/td>\n<\/tr>\n<tr>\n<td colspan=\"2\">Material<\/td>\n<td><\/td>\n<\/tr>\n<tr>\n<td><\/td>\n<td>Enclosure<\/td>\n<td class=\"subattribute\">aluminum alloy<\/td>\n<\/tr>\n<tr>\n<td><\/td>\n<td>Glass<\/td>\n<td class=\"subattribute\">thermo-resistant tempered glass<\/td>\n<\/tr>\n<tr>\n<td><\/td>\n<td>Finish<\/td>\n<td class=\"subattribute\">epoxy coated RAL 7005 (grey)<\/td>\n<\/tr>\n<tr>\n<td><\/td>\n<td>O-Ring<\/td>\n<td class=\"subattribute\">silicone<\/td>\n<\/tr>\n<tr>\n<td colspan=\"2\">Mass<\/td>\n<td>approx. 7 kg<\/td>\n<\/tr>\n<tr>\n<td colspan=\"2\">Grounding<\/td>\n<td>M6 external grounding points<\/td>\n<\/tr>\n<\/tbody>\n<\/table>\n<p>&nbsp;<\/p>\n<p><span style=\"color: #0000ff;\"><strong>Classifications<\/strong><\/span><\/p>\n<table class=\"standard enum\">\n<tbody>\n<tr>\n<th>System<\/th>\n<th>Classcode<\/th>\n<\/tr>\n<tr>\n<td>ECLASS 11.0<\/td>\n<td>27270701<\/td>\n<\/tr>\n<tr>\n<td>ECLASS 10.0.1<\/td>\n<td>27270701<\/td>\n<\/tr>\n<tr>\n<td>ECLASS 9.0<\/td>\n<td>27270701<\/td>\n<\/tr>\n<tr>\n<td>ECLASS 8.0<\/td>\n<td>27270701<\/td>\n<\/tr>\n<tr>\n<td>ECLASS 5.1<\/td>\n<td>27270701<\/td>\n<\/tr>\n<tr>\n<td>ETIM 8.0<\/td>\n<td>EC002999<\/td>\n<\/tr>\n<tr>\n<td>ETIM 7.0<\/td>\n<td>EC002999<\/td>\n<\/tr>\n<tr>\n<td>ETIM 6.0<\/td>\n<td>EC002999<\/td>\n<\/tr>\n<tr>\n<td>ETIM 5.0<\/td>\n<td>EC001852<\/td>\n<\/tr>\n<\/tbody>\n<\/table>\n<p><\/p>","protected":false},"excerpt":{"rendered":"<ul id=\"productfeatures\">\n<li>Explosion protection for use in Zone 1, Zone 2, Zone 21 and Zone 22<\/li>\n<li>RS-485 interface<\/li>\n<li>Non-contact positioning on Data Matrix code tape<\/li>\n<li>Mechanically rugged: no wearing parts, long operating life, maintenance-free<\/li>\n<li>High resolution and precise positioning, especially for facilities with curves and switch points as well as inclines and declines.<\/li>\n<li>Travel ranges up to 10 km<\/li>\n<\/ul>\n","protected":false},"featured_media":1027,"comment_status":"open","ping_status":"closed","template":"","meta":[],"product_cat":[29,50,31,59],"product_tag":[],"yoast_head":"<!-- This site is optimized with the Yoast SEO plugin v16.6.1 - https:\/\/yoast.com\/wordpress\/plugins\/seo\/ -->\n<title>PXV100-F200-R4-V19-Ex - NEW SKY CO.,LTD<\/title>\n<meta name=\"robots\" content=\"index, follow, max-snippet:-1, max-image-preview:large, max-video-preview:-1\" \/>\n<link rel=\"canonical\" href=\"https:\/\/newskyvn.com\/product\/pxv100-f200-r4-v19-ex\/\" \/>\n<meta property=\"og:locale\" content=\"en_US\" \/>\n<meta property=\"og:type\" content=\"article\" \/>\n<meta property=\"og:title\" content=\"PXV100-F200-R4-V19-Ex - NEW SKY CO.,LTD\" \/>\n<meta property=\"og:description\" content=\"[:vi]  Ch\u1ed1ng ch\u00e1y n\u1ed5 \u0111\u1ec3 s\u1eed d\u1ee5ng trong V\u00f9ng 1, V\u00f9ng 2, V\u00f9ng 21 v\u00e0 V\u00f9ng 22  Giao di\u1ec7n RS-485  \u0110\u1ecbnh v\u1ecb kh\u00f4ng ti\u1ebfp x\u00fac tr\u00ean b\u0103ng m\u00e3 Ma tr\u1eadn d\u1eef li\u1ec7u  C\u01a1 c\u1ea5u ch\u1eafc ch\u1eafn: kh\u00f4ng c\u00f3 b\u1ed9 ph\u1eadn m\u00e0i m\u00f2n, tu\u1ed5i th\u1ecd ho\u1ea1t \u0111\u1ed9ng l\u00e2u d\u00e0i, kh\u00f4ng c\u1ea7n b\u1ea3o tr\u00ec  \u0110\u1ed9 ph\u00e2n gi\u1ea3i cao v\u00e0 \u0111\u1ecbnh v\u1ecb ch\u00ednh x\u00e1c, \u0111\u1eb7c bi\u1ec7t \u0111\u1ed1i v\u1edbi c\u00e1c c\u01a1 s\u1edf c\u00f3 \u0111\u01b0\u1eddng cong v\u00e0 \u0111i\u1ec3m chuy\u1ec3n \u0111\u1ed5i c\u0169ng nh\u01b0 \u0111\u1ed9 nghi\u00eang v\u00e0 \u0111\u1ed9 d\u1ed1c.  Ph\u1ea1m vi di chuy\u1ec3n l\u00ean \u0111\u1ebfn 10 km [:en]  Explosion protection for use in Zone 1, Zone 2, Zone 21 and Zone 22  RS-485 interface  Non-contact positioning on Data Matrix code tape  Mechanically rugged: no wearing parts, long operating life, maintenance-free  High resolution and precise positioning, especially for facilities with curves and switch points as well as inclines and declines.  Travel ranges up to 10 km [:]\" \/>\n<meta property=\"og:url\" content=\"https:\/\/newskyvn.com\/product\/pxv100-f200-r4-v19-ex\/\" \/>\n<meta property=\"og:site_name\" content=\"NEW SKY CO.,LTD\" \/>\n<meta property=\"article:modified_time\" content=\"2021-09-16T04:24:41+00:00\" \/>\n<meta property=\"og:image\" content=\"https:\/\/newskyvn.com\/wp-content\/uploads\/2021\/09\/PXV100-Ex.jpg\" \/>\n\t<meta property=\"og:image:width\" content=\"500\" \/>\n\t<meta property=\"og:image:height\" content=\"500\" \/>\n<meta name=\"twitter:card\" content=\"summary_large_image\" \/>\n<meta name=\"twitter:label1\" content=\"Est. reading time\" \/>\n\t<meta name=\"twitter:data1\" content=\"2 minutes\" \/>\n<script type=\"application\/ld+json\" class=\"yoast-schema-graph\">{\"@context\":\"https:\/\/schema.org\",\"@graph\":[{\"@type\":\"WebSite\",\"@id\":\"https:\/\/newskyvn.com\/#website\",\"url\":\"https:\/\/newskyvn.com\/\",\"name\":\"NEW SKY CO.,LTD\",\"description\":\"C\\u00f4ng Ty TNHH S\\u1ea3n Xu\\u1ea5t Th\\u01b0\\u01a1ng M\\u1ea1i D\\u1ecbch V\\u1ee5 T\\u00e2n Thi\\u00ean\",\"potentialAction\":[{\"@type\":\"SearchAction\",\"target\":{\"@type\":\"EntryPoint\",\"urlTemplate\":\"https:\/\/newskyvn.com\/?s={search_term_string}\"},\"query-input\":\"required name=search_term_string\"}],\"inLanguage\":\"en-US\"},{\"@type\":\"ImageObject\",\"@id\":\"https:\/\/newskyvn.com\/product\/pxv100-f200-r4-v19-ex\/#primaryimage\",\"inLanguage\":\"en-US\",\"url\":\"https:\/\/newskyvn.com\/wp-content\/uploads\/2021\/09\/PXV100-Ex.jpg\",\"contentUrl\":\"https:\/\/newskyvn.com\/wp-content\/uploads\/2021\/09\/PXV100-Ex.jpg\",\"width\":500,\"height\":500},{\"@type\":\"WebPage\",\"@id\":\"https:\/\/newskyvn.com\/product\/pxv100-f200-r4-v19-ex\/#webpage\",\"url\":\"https:\/\/newskyvn.com\/product\/pxv100-f200-r4-v19-ex\/\",\"name\":\"PXV100-F200-R4-V19-Ex - NEW SKY CO.,LTD\",\"isPartOf\":{\"@id\":\"https:\/\/newskyvn.com\/#website\"},\"primaryImageOfPage\":{\"@id\":\"https:\/\/newskyvn.com\/product\/pxv100-f200-r4-v19-ex\/#primaryimage\"},\"datePublished\":\"2021-09-12T08:08:48+00:00\",\"dateModified\":\"2021-09-16T04:24:41+00:00\",\"breadcrumb\":{\"@id\":\"https:\/\/newskyvn.com\/product\/pxv100-f200-r4-v19-ex\/#breadcrumb\"},\"inLanguage\":\"en-US\",\"potentialAction\":[{\"@type\":\"ReadAction\",\"target\":[\"https:\/\/newskyvn.com\/product\/pxv100-f200-r4-v19-ex\/\"]}]},{\"@type\":\"BreadcrumbList\",\"@id\":\"https:\/\/newskyvn.com\/product\/pxv100-f200-r4-v19-ex\/#breadcrumb\",\"itemListElement\":[{\"@type\":\"ListItem\",\"position\":1,\"name\":\"Product\",\"item\":\"https:\/\/newskyvn.com\/en\/san-pham\/\"},{\"@type\":\"ListItem\",\"position\":2,\"name\":\"PXV100-F200-R4-V19-Ex\"}]}]}<\/script>\n<!-- \/ Yoast SEO plugin. -->","_links":{"self":[{"href":"https:\/\/newskyvn.com\/en\/wp-json\/wp\/v2\/product\/1025"}],"collection":[{"href":"https:\/\/newskyvn.com\/en\/wp-json\/wp\/v2\/product"}],"about":[{"href":"https:\/\/newskyvn.com\/en\/wp-json\/wp\/v2\/types\/product"}],"replies":[{"embeddable":true,"href":"https:\/\/newskyvn.com\/en\/wp-json\/wp\/v2\/comments?post=1025"}],"wp:featuredmedia":[{"embeddable":true,"href":"https:\/\/newskyvn.com\/en\/wp-json\/wp\/v2\/media\/1027"}],"wp:attachment":[{"href":"https:\/\/newskyvn.com\/en\/wp-json\/wp\/v2\/media?parent=1025"}],"wp:term":[{"taxonomy":"product_cat","embeddable":true,"href":"https:\/\/newskyvn.com\/en\/wp-json\/wp\/v2\/product_cat?post=1025"},{"taxonomy":"product_tag","embeddable":true,"href":"https:\/\/newskyvn.com\/en\/wp-json\/wp\/v2\/product_tag?post=1025"}],"curies":[{"name":"wp","href":"https:\/\/api.w.org\/{rel}","templated":true}]}}