{"id":1019,"date":"2021-09-12T07:46:18","date_gmt":"2021-09-12T07:46:18","guid":{"rendered":"https:\/\/newskyvn.com\/?post_type=product&#038;p=1019"},"modified":"2021-09-16T04:25:35","modified_gmt":"2021-09-16T04:25:35","slug":"pxv100a-f200-b28-v1d","status":"publish","type":"product","link":"https:\/\/newskyvn.com\/en\/product\/pxv100a-f200-b28-v1d\/","title":{"rendered":"PXV100A-F200-B28-V1D"},"content":{"rendered":"<p><\/p>\n<p id=\"techdata\"><strong><span style=\"color: #0000ff;\">Datasheet excerpt: Technical data of\u00a0 PXV100A-F200-B28-V1D<\/span><\/strong><\/p>\n<table class=\"standard enum\">\n<tbody>\n<tr>\n<th colspan=\"2\">Product Description<\/th>\n<\/tr>\n<tr>\n<td colspan=\"3\">Read head for incident light positioning system<\/td>\n<\/tr>\n<\/tbody>\n<\/table>\n<table class=\"standard enum\">\n<tbody>\n<tr>\n<th colspan=\"3\">General specifications<\/th>\n<\/tr>\n<tr>\n<td colspan=\"2\">Passage speed<\/td>\n<td>\u2264 8 m\/s<\/td>\n<\/tr>\n<tr>\n<td colspan=\"2\">Measuring range<\/td>\n<td>max. 100000 m<\/td>\n<\/tr>\n<tr>\n<td colspan=\"2\">Light type<\/td>\n<td>Integrated LED lightning (red\/blue)<\/td>\n<\/tr>\n<tr>\n<td colspan=\"2\">Read distance<\/td>\n<td>100 mm<\/td>\n<\/tr>\n<tr>\n<td colspan=\"2\">Depth of focus<\/td>\n<td>\u00b1 30 mm<\/td>\n<\/tr>\n<tr>\n<td colspan=\"2\">Field of view<\/td>\n<td>typ. 120 mm x 80 mm<\/td>\n<\/tr>\n<tr>\n<td colspan=\"2\">Ambient light limit<\/td>\n<td>30000 Lux<\/td>\n<\/tr>\n<tr>\n<td colspan=\"2\">Accuracy<\/td>\n<td><\/td>\n<\/tr>\n<tr>\n<td><\/td>\n<td>Non safety-related X<\/td>\n<td class=\"subattribute\">\u00b1 0.2 mm<\/td>\n<\/tr>\n<tr>\n<td><\/td>\n<td>Safety-related X<\/td>\n<td class=\"subattribute\">See the original instructions<\/td>\n<\/tr>\n<tr>\n<th colspan=\"3\">Nominal ratings<\/th>\n<\/tr>\n<tr>\n<td colspan=\"2\">Camera<\/td>\n<td><\/td>\n<\/tr>\n<tr>\n<td><\/td>\n<td>Type<\/td>\n<td class=\"subattribute\">CMOS , Global shutter<\/td>\n<\/tr>\n<tr>\n<td colspan=\"2\">Processor<\/td>\n<td><\/td>\n<\/tr>\n<tr>\n<td><\/td>\n<td>Clock pulse frequency<\/td>\n<td class=\"subattribute\">600 MHz<\/td>\n<\/tr>\n<tr>\n<td><\/td>\n<td>Speed of computation<\/td>\n<td class=\"subattribute\">4800 MIPS<\/td>\n<\/tr>\n<tr>\n<th colspan=\"3\">Functional safety related parameters<\/th>\n<\/tr>\n<tr>\n<td colspan=\"2\">Safety Integrity Level (SIL)<\/td>\n<td>SIL 3<\/td>\n<\/tr>\n<tr>\n<td colspan=\"2\">Performance level (PL)<\/td>\n<td>PL e<\/td>\n<\/tr>\n<tr>\n<td colspan=\"2\">Category<\/td>\n<td>Cat. 4<\/td>\n<\/tr>\n<tr>\n<td colspan=\"2\">Reaction time<\/td>\n<td>165 ms<\/td>\n<\/tr>\n<tr>\n<td colspan=\"2\">MTTF<\/td>\n<td>41 a<\/td>\n<\/tr>\n<tr>\n<td colspan=\"2\">MTTF<sub>d<\/sub><\/td>\n<td>104.74 a<\/td>\n<\/tr>\n<tr>\n<td colspan=\"2\">Mission Time (T<sub>M<\/sub>)<\/td>\n<td>20 a<\/td>\n<\/tr>\n<tr>\n<td colspan=\"2\">PFH<\/td>\n<td>1.09 E-8 typ.<\/td>\n<\/tr>\n<tr>\n<th colspan=\"3\">Indicators\/operating means<\/th>\n<\/tr>\n<tr>\n<td colspan=\"2\">LED indication<\/td>\n<td>7 LEDs (communication, status messages)<\/td>\n<\/tr>\n<tr>\n<th colspan=\"3\">Electrical specifications<\/th>\n<\/tr>\n<tr>\n<td colspan=\"2\">Operating voltage<\/td>\n<td>20 &#8230; 30 V DC , PELV<\/td>\n<\/tr>\n<tr>\n<td colspan=\"2\">No-load supply current<\/td>\n<td>max. 300 mA<\/td>\n<\/tr>\n<tr>\n<td colspan=\"2\">Power consumption<\/td>\n<td>6 W<\/td>\n<\/tr>\n<tr>\n<th colspan=\"3\">Interface<\/th>\n<\/tr>\n<tr>\n<td colspan=\"2\">Interface type<\/td>\n<td>100 BASE-TX<\/td>\n<\/tr>\n<tr>\n<td colspan=\"2\">Protocol<\/td>\n<td>PROFINET IO Real-Time (RT) Conformance class B<\/td>\n<\/tr>\n<tr>\n<td colspan=\"2\">Transfer rate<\/td>\n<td>\u00a0 \u00a0 100 MBit\/s<\/td>\n<\/tr>\n<tr>\n<th colspan=\"3\">Conformity<\/th>\n<\/tr>\n<tr>\n<td colspan=\"2\">Fieldbus standard<\/td>\n<td>PROFIsafe in accordance with IEC\u00a061784-3-3; profile\u00a02.4<\/td>\n<\/tr>\n<tr>\n<td colspan=\"2\">Functional safety<\/td>\n<td>EN\u00a0ISO\u00a013849-1:2015 ; EN\u00a061508:2010\u00a0 part 1-7 ; EN\u00a062061:2005\u00a0+\u00a0AC:2010\u00a0+\u00a0A1:2013\u00a0+\u00a0A2:2015<\/td>\n<\/tr>\n<tr>\n<td colspan=\"2\">Shock resistance<\/td>\n<td>EN 60068-2-27:2009<\/td>\n<\/tr>\n<tr>\n<td colspan=\"2\">Vibration resistance<\/td>\n<td>EN 60068-2-6:2008<\/td>\n<\/tr>\n<tr>\n<td colspan=\"2\">Emitted interference<\/td>\n<td>EN\u00a061000-6-4:2007+A1:2011<\/td>\n<\/tr>\n<tr>\n<td colspan=\"2\">Noise immunity<\/td>\n<td>EN\u00a061000-6-7:2015<\/td>\n<\/tr>\n<tr>\n<td colspan=\"2\">Photobiological safety<\/td>\n<td>risk group 2 according IEC 62471<\/td>\n<\/tr>\n<tr>\n<th colspan=\"3\">Approvals and certificates<\/th>\n<\/tr>\n<tr>\n<td colspan=\"2\">CE conformity<\/td>\n<td>CE<\/td>\n<\/tr>\n<tr>\n<td colspan=\"2\">CCC approval<\/td>\n<td>CCC approval \/ marking not required for products rated \u226436 V<\/td>\n<\/tr>\n<tr>\n<td colspan=\"2\">T\u00dcV approval<\/td>\n<td>T\u00dcV Rheinland 01\/205\/5669.01\/20<\/td>\n<\/tr>\n<tr>\n<th colspan=\"3\">Ambient conditions<\/th>\n<\/tr>\n<tr>\n<td colspan=\"2\">Operating temperature<\/td>\n<td>0 &#8230; 45 \u00b0C (32 &#8230; 113 \u00b0F) , \u00a0 -20 &#8230; 45 \u00b0C (-4 &#8230; 113 \u00b0F) (noncondensing; prevent icing on the lens!)<\/td>\n<\/tr>\n<tr>\n<td colspan=\"2\">Storage temperature<\/td>\n<td>-40 &#8230; 85 \u00b0C (-40 &#8230; 185 \u00b0F)<\/td>\n<\/tr>\n<tr>\n<td colspan=\"2\">Relative humidity<\/td>\n<td>90 % , noncondensing<\/td>\n<\/tr>\n<tr>\n<td colspan=\"2\">Altitude<\/td>\n<td>max. 2000 m above MSL<\/td>\n<\/tr>\n<tr>\n<th colspan=\"3\">Mechanical specifications<\/th>\n<\/tr>\n<tr>\n<td colspan=\"2\">Connection type<\/td>\n<td>8-pin, M12x1 connector, standard<br \/>\n4-pin, M12x1 socket, D-coded (LAN)<br \/>\n4-pin, M12x1 socket, D-coded (LAN)<\/td>\n<\/tr>\n<tr>\n<td colspan=\"2\">Housing width<\/td>\n<td>70 mm<\/td>\n<\/tr>\n<tr>\n<td colspan=\"2\">Housing height<\/td>\n<td>70 mm<\/td>\n<\/tr>\n<tr>\n<td colspan=\"2\">Housing depth<\/td>\n<td>50 mm<\/td>\n<\/tr>\n<tr>\n<td colspan=\"2\">Degree of protection<\/td>\n<td>IP67<\/td>\n<\/tr>\n<tr>\n<td colspan=\"2\">Material<\/td>\n<td><\/td>\n<\/tr>\n<tr>\n<td><\/td>\n<td>Housing<\/td>\n<td class=\"subattribute\">PC\/ABS<\/td>\n<\/tr>\n<tr>\n<td colspan=\"2\">Mass<\/td>\n<td>approx. 200 g<\/td>\n<\/tr>\n<\/tbody>\n<\/table>\n<p>&nbsp;<\/p>\n<p><strong><span style=\"color: #0000ff;\">Classifications<\/span><\/strong><\/p>\n<table class=\"standard enum\">\n<tbody>\n<tr>\n<th>System<\/th>\n<th>Classcode<\/th>\n<\/tr>\n<tr>\n<td>ECLASS 11.0<\/td>\n<td>27270701<\/td>\n<\/tr>\n<tr>\n<td>ECLASS 10.0.1<\/td>\n<td>27270701<\/td>\n<\/tr>\n<tr>\n<td>ECLASS 9.0<\/td>\n<td>27270701<\/td>\n<\/tr>\n<tr>\n<td>ECLASS 8.0<\/td>\n<td>27270701<\/td>\n<\/tr>\n<tr>\n<td>ECLASS 5.1<\/td>\n<td>27270701<\/td>\n<\/tr>\n<tr>\n<td>ETIM 8.0<\/td>\n<td>EC002999<\/td>\n<\/tr>\n<tr>\n<td>ETIM 7.0<\/td>\n<td>EC002999<\/td>\n<\/tr>\n<tr>\n<td>ETIM 6.0<\/td>\n<td>EC002999<\/td>\n<\/tr>\n<tr>\n<td>ETIM 5.0<\/td>\n<td>EC001852<\/td>\n<\/tr>\n<tr>\n<td>UNSPSC 12.1<\/td>\n<td>43211711<\/td>\n<\/tr>\n<\/tbody>\n<\/table>\n<p><\/p>","protected":false},"excerpt":{"rendered":"<ul id=\"productfeatures\">\n<li>SIL 3 (EN 61508)<\/li>\n<li>Category 4 PL e (EN ISO 13849)<\/li>\n<li>PROFINET interface<\/li>\n<li>PROFIsafe interface<\/li>\n<li>Safe, non-contact positioning on Data Matrix code tape<\/li>\n<li>Traverse distance up to 100 km<\/li>\n<li>Mechanically rugged: no wearing parts, long operating life, maintenance-free<\/li>\n<\/ul>\n","protected":false},"featured_media":1021,"comment_status":"open","ping_status":"closed","template":"","meta":[],"product_cat":[29,50,31,59],"product_tag":[],"yoast_head":"<!-- This site is optimized with the Yoast SEO plugin v16.6.1 - https:\/\/yoast.com\/wordpress\/plugins\/seo\/ -->\n<title>PXV100A-F200-B28-V1D - NEW SKY CO.,LTD<\/title>\n<meta name=\"robots\" content=\"index, follow, max-snippet:-1, max-image-preview:large, max-video-preview:-1\" \/>\n<link rel=\"canonical\" href=\"https:\/\/newskyvn.com\/product\/pxv100a-f200-b28-v1d\/\" \/>\n<meta property=\"og:locale\" content=\"en_US\" \/>\n<meta property=\"og:type\" content=\"article\" \/>\n<meta property=\"og:title\" content=\"PXV100A-F200-B28-V1D - NEW SKY CO.,LTD\" \/>\n<meta property=\"og:description\" content=\"[:vi]  SIL 3 (EN 61508)  Lo\u1ea1i 4 PL e (EN ISO 13849)  Giao di\u1ec7n PROFINET  Giao di\u1ec7n PROFIsafe  \u0110\u1ecbnh v\u1ecb an to\u00e0n, kh\u00f4ng ti\u1ebfp x\u00fac tr\u00ean b\u0103ng m\u00e3 Ma tr\u1eadn d\u1eef li\u1ec7u  Kho\u1ea3ng c\u00e1ch di chuy\u1ec3n l\u00ean \u0111\u1ebfn 100 km  C\u01a1 h\u1ecdc ch\u1eafc ch\u1eafn: kh\u00f4ng c\u00f3 b\u1ed9 ph\u1eadn m\u00e0i m\u00f2n, tu\u1ed5i th\u1ecd ho\u1ea1t \u0111\u1ed9ng l\u00e2u d\u00e0i, kh\u00f4ng c\u1ea7n b\u1ea3o tr\u00ec [:en]  SIL 3 (EN 61508)  Category 4 PL e (EN ISO 13849)  PROFINET interface  PROFIsafe interface  Safe, non-contact positioning on Data Matrix code tape  Traverse distance up to 100 km  Mechanically rugged: no wearing parts, long operating life, maintenance-free [:]\" \/>\n<meta property=\"og:url\" content=\"https:\/\/newskyvn.com\/product\/pxv100a-f200-b28-v1d\/\" \/>\n<meta property=\"og:site_name\" content=\"NEW SKY CO.,LTD\" \/>\n<meta property=\"article:modified_time\" content=\"2021-09-16T04:25:35+00:00\" \/>\n<meta property=\"og:image\" content=\"https:\/\/newskyvn.com\/wp-content\/uploads\/2021\/09\/PXV100A.jpg\" \/>\n\t<meta property=\"og:image:width\" content=\"500\" \/>\n\t<meta property=\"og:image:height\" content=\"500\" \/>\n<meta name=\"twitter:card\" content=\"summary_large_image\" \/>\n<meta name=\"twitter:label1\" content=\"Est. reading time\" \/>\n\t<meta name=\"twitter:data1\" content=\"2 minutes\" \/>\n<script type=\"application\/ld+json\" class=\"yoast-schema-graph\">{\"@context\":\"https:\/\/schema.org\",\"@graph\":[{\"@type\":\"WebSite\",\"@id\":\"https:\/\/newskyvn.com\/#website\",\"url\":\"https:\/\/newskyvn.com\/\",\"name\":\"NEW SKY CO.,LTD\",\"description\":\"C\\u00f4ng Ty TNHH S\\u1ea3n Xu\\u1ea5t Th\\u01b0\\u01a1ng M\\u1ea1i D\\u1ecbch V\\u1ee5 T\\u00e2n Thi\\u00ean\",\"potentialAction\":[{\"@type\":\"SearchAction\",\"target\":{\"@type\":\"EntryPoint\",\"urlTemplate\":\"https:\/\/newskyvn.com\/?s={search_term_string}\"},\"query-input\":\"required name=search_term_string\"}],\"inLanguage\":\"en-US\"},{\"@type\":\"ImageObject\",\"@id\":\"https:\/\/newskyvn.com\/product\/pxv100a-f200-b28-v1d\/#primaryimage\",\"inLanguage\":\"en-US\",\"url\":\"https:\/\/newskyvn.com\/wp-content\/uploads\/2021\/09\/PXV100A.jpg\",\"contentUrl\":\"https:\/\/newskyvn.com\/wp-content\/uploads\/2021\/09\/PXV100A.jpg\",\"width\":500,\"height\":500},{\"@type\":\"WebPage\",\"@id\":\"https:\/\/newskyvn.com\/product\/pxv100a-f200-b28-v1d\/#webpage\",\"url\":\"https:\/\/newskyvn.com\/product\/pxv100a-f200-b28-v1d\/\",\"name\":\"PXV100A-F200-B28-V1D - NEW SKY CO.,LTD\",\"isPartOf\":{\"@id\":\"https:\/\/newskyvn.com\/#website\"},\"primaryImageOfPage\":{\"@id\":\"https:\/\/newskyvn.com\/product\/pxv100a-f200-b28-v1d\/#primaryimage\"},\"datePublished\":\"2021-09-12T07:46:18+00:00\",\"dateModified\":\"2021-09-16T04:25:35+00:00\",\"breadcrumb\":{\"@id\":\"https:\/\/newskyvn.com\/product\/pxv100a-f200-b28-v1d\/#breadcrumb\"},\"inLanguage\":\"en-US\",\"potentialAction\":[{\"@type\":\"ReadAction\",\"target\":[\"https:\/\/newskyvn.com\/product\/pxv100a-f200-b28-v1d\/\"]}]},{\"@type\":\"BreadcrumbList\",\"@id\":\"https:\/\/newskyvn.com\/product\/pxv100a-f200-b28-v1d\/#breadcrumb\",\"itemListElement\":[{\"@type\":\"ListItem\",\"position\":1,\"name\":\"Product\",\"item\":\"https:\/\/newskyvn.com\/en\/san-pham\/\"},{\"@type\":\"ListItem\",\"position\":2,\"name\":\"PXV100A-F200-B28-V1D\"}]}]}<\/script>\n<!-- \/ Yoast SEO plugin. -->","_links":{"self":[{"href":"https:\/\/newskyvn.com\/en\/wp-json\/wp\/v2\/product\/1019"}],"collection":[{"href":"https:\/\/newskyvn.com\/en\/wp-json\/wp\/v2\/product"}],"about":[{"href":"https:\/\/newskyvn.com\/en\/wp-json\/wp\/v2\/types\/product"}],"replies":[{"embeddable":true,"href":"https:\/\/newskyvn.com\/en\/wp-json\/wp\/v2\/comments?post=1019"}],"wp:featuredmedia":[{"embeddable":true,"href":"https:\/\/newskyvn.com\/en\/wp-json\/wp\/v2\/media\/1021"}],"wp:attachment":[{"href":"https:\/\/newskyvn.com\/en\/wp-json\/wp\/v2\/media?parent=1019"}],"wp:term":[{"taxonomy":"product_cat","embeddable":true,"href":"https:\/\/newskyvn.com\/en\/wp-json\/wp\/v2\/product_cat?post=1019"},{"taxonomy":"product_tag","embeddable":true,"href":"https:\/\/newskyvn.com\/en\/wp-json\/wp\/v2\/product_tag?post=1019"}],"curies":[{"name":"wp","href":"https:\/\/api.w.org\/{rel}","templated":true}]}}